{"id":1301,"date":"2022-04-09T23:33:17","date_gmt":"2022-04-09T21:33:17","guid":{"rendered":"https:\/\/immobilienbetreuung-krk.com\/?page_id=1301"},"modified":"2024-12-03T18:15:07","modified_gmt":"2024-12-03T17:15:07","slug":"waescherei","status":"publish","type":"page","link":"https:\/\/immobilienbetreuung-krk.com\/en\/waescherei\/","title":{"rendered":"Unsere W\u00e4scherei"},"content":{"rendered":"<p class=\"has-black-color has-text-color has-link-color has-small-font-size wp-elements-54d84b0c1ea33f94ba808ec9011aba96\">Welcome to our professional laundry \u2013 the epitome of quality and service on the enchanting island of Krk! Since our grand opening on June 1, 2022, we have been proud to offer you a first-class, all-round service that meets your laundry needs with dedication and professionalism. Thanks to constant investments, we are now able to deliver up to 800kg of bed linen and towels every day. <\/p>\n\n\n\n<h2 class=\"wp-block-heading\"><strong>Our all-round service includes:<\/strong><\/h2>\n\n\n\n<ol class=\"wp-block-list\">\n<li><strong>Rental bed linen:<\/strong><br>Experience maximum comfort with our rental bed linen. We pick them up on time, wash them, iron them and bring them back to you - anywhere on the island of Krk.<\/li>\n\n\n\n<li><strong>Freshness and quality:<\/strong><br>Our laundry smells freshly washed long after delivery. It is lint-free, carefully ironed and delivered in sturdy plastic boxes - for flawless presentation and easy handling.<\/li>\n\n\n\n<li><strong>Seasonal contracts:<\/strong><br>Benefit from more favorable conditions with our real estate management contract. If you are interested, write to us straight away - we will be happy to make you an offer that suits you.<\/li>\n\n\n\n<li><strong>Attention \u2013 only our rental bed linen:<\/strong><br>Please note that we only accept our rental bed linen for cleaning. This means we always guarantee the highest quality, freshness and punctuality.<\/li>\n<\/ol>\n\n\n\n<h2 class=\"wp-block-heading\"><strong><strong><strong>Bed linen rental:<\/strong><\/strong><\/strong><\/h2>\n\n\n\n<p>Experience the luxury of 5-star hotels in your property! With our premium linen rental, we offer you the highest quality and comfort found in the best hotels in the world. Our bedding is regularly professionally cleaned and maintained so that your guests always feel like they are sleeping in fresh, luxurious textiles. Save time and resources \u2013 we deliver directly to you and guarantee one <strong>reliable<\/strong> Service that meets your highest demands. Let your guests experience the best with our exclusive bed linen for hotels, high-quality apartments and villas on the island of Krk.<\/p>\n\n\n\n<ul class=\"wp-block-list\">\n<li>Pillowcases in 3 formats<\/li>\n\n\n\n<li>Blanket covers<\/li>\n\n\n\n<li>Big towels<\/li>\n\n\n\n<li>Medium towels<\/li>\n\n\n\n<li>Small towels<\/li>\n\n\n\n<li>Duvet covers or sheets<\/li>\n\n\n\n<li>Shower mat<\/li>\n\n\n\n<li>Mattress protector<\/li>\n\n\n\n<li>Kitchen towels<\/li>\n<\/ul>\n\n\n\n<h2 class=\"wp-block-heading\"><strong><strong><strong><strong>Rental prices:<\/strong><\/strong><\/strong><\/strong><\/h2>\n\n\n\n<figure class=\"wp-block-image size-full\"><a href=\"https:\/\/immobilienbetreuung-krk.com\/wp-content\/uploads\/2025\/01\/Cjenik-Wascherei-ENG3-scaled.jpg\"><img fetchpriority=\"high\" decoding=\"async\" width=\"2560\" height=\"1810\" src=\"https:\/\/immobilienbetreuung-krk.com\/wp-content\/uploads\/2025\/01\/Cjenik-Wascherei-ENG3-scaled.jpg\" alt=\"\" class=\"wp-image-1992\"\/><\/a><\/figure>\n\n\n\n<hr class=\"wp-block-separator has-alpha-channel-opacity\"\/>\n\n\n\n<h2 class=\"wp-block-heading\"><strong><strong>Laundry cleaning prices <\/strong><\/strong><\/h2>\n\n\n\n<figure class=\"wp-block-image size-full\"><a href=\"https:\/\/immobilienbetreuung-krk.com\/wp-content\/uploads\/2025\/01\/Cjenik-Wascherei-ENG4-scaled.jpg\"><img decoding=\"async\" width=\"2560\" height=\"1810\" src=\"https:\/\/immobilienbetreuung-krk.com\/wp-content\/uploads\/2025\/01\/Cjenik-Wascherei-ENG4-scaled.jpg\" alt=\"Preisliste W\u00e4scherei Insel Krk\" class=\"wp-image-2158\"\/><\/a><figcaption class=\"wp-element-caption\">Price list laundry island Krk<\/figcaption><\/figure>\n\n\n\n<hr class=\"wp-block-separator has-alpha-channel-opacity\"\/>\n\n\n\n<p>Trust our professional laundry service for the highest standards of cleanliness, freshness and presentation. Write to us to discuss your laundry needs \u2013 we look forward to providing you with the best service on the island of Krk!<\/p>\n\n\n\n<div style=\"height:30px\" aria-hidden=\"true\" class=\"wp-block-spacer\"><\/div>\n\n\n\n<div class=\"wp-block-cover alignfull is-light has-parallax wp-duotone-purple-green\" style=\"margin-top:0;padding-top:4vw;padding-right:4vw;padding-bottom:4vw;padding-left:4vw;min-height:50vh;aspect-ratio:unset;\"><span aria-hidden=\"true\" class=\"wp-block-cover__background has-vivid-green-cyan-background-color has-background-dim-30 has-background-dim\"><\/span><div role=\"img\" aria-label=\"Immobilienbetreuung Krk Sauber\" class=\"wp-block-cover__image-background wp-image-1494 has-parallax\" style=\"background-position:50% 50%;background-image:url(https:\/\/immobilienbetreuung-krk.com\/wp-content\/uploads\/2024\/10\/Pool-Clean.jpg)\"><\/div><div class=\"wp-block-cover__inner-container is-layout-flow wp-block-cover-is-layout-flow\">\n<div class=\"wp-block-group\"><div class=\"wp-block-group__inner-container is-layout-flow wp-block-group-is-layout-flow\">\n<p class=\"has-text-align-center has-text-color\" style=\"color:#ffb23d;font-size:30px;font-style:normal;font-weight:700;letter-spacing:-2px;line-height:0.9;text-transform:uppercase\">REQUEST A NON-BINDING QUOTE<\/p>\n\n\n\n<div style=\"height:48px\" aria-hidden=\"true\" class=\"wp-block-spacer\"><\/div>\n\n\n\n<div class=\"wp-block-buttons is-content-justification-center is-layout-flex wp-container-core-buttons-is-layout-16018d1d wp-block-buttons-is-layout-flex\">\n<div class=\"wp-block-button has-custom-font-size has-small-font-size\" style=\"font-style:normal;font-weight:700;letter-spacing:1px;text-transform:uppercase\"><a class=\"wp-block-button__link has-text-color has-background wp-element-button\" href=\"https:\/\/immobilienbetreuung-krk.com\/en\/kontakt\/\" style=\"color:#2c3066;background-color:#ffb23d;padding-top:32px;padding-right:48px;padding-bottom:32px;padding-left:48px\">Contact us<\/a><\/div>\n<\/div>\n<\/div><\/div>\n<\/div><\/div>","protected":false},"excerpt":{"rendered":"<p>Willkommen in unserer Professionellen W\u00e4scherei \u2013 dem Inbegriff von Qualit\u00e4t und Service auf der bezaubernden Insel Krk! Seit unserer feierlichen Er\u00f6ffnung am 01.06.2022 sind wir stolz darauf, Ihnen einen erstklassigen Rundum-Service anzubieten, der Ihre W\u00e4schebed\u00fcrfnisse mit Hingabe und Professionalit\u00e4t erf\u00fcllt. [&hellip;]<\/p>","protected":false},"author":2,"featured_media":1439,"parent":0,"menu_order":0,"comment_status":"closed","ping_status":"closed","template":"page_f.php","meta":{"footnotes":""},"class_list":["post-1301","page","type-page","status-publish","has-post-thumbnail","hentry"],"_links":{"self":[{"href":"https:\/\/immobilienbetreuung-krk.com\/en\/wp-json\/wp\/v2\/pages\/1301","targetHints":{"allow":["GET"]}}],"collection":[{"href":"https:\/\/immobilienbetreuung-krk.com\/en\/wp-json\/wp\/v2\/pages"}],"about":[{"href":"https:\/\/immobilienbetreuung-krk.com\/en\/wp-json\/wp\/v2\/types\/page"}],"author":[{"embeddable":true,"href":"https:\/\/immobilienbetreuung-krk.com\/en\/wp-json\/wp\/v2\/users\/2"}],"replies":[{"embeddable":true,"href":"https:\/\/immobilienbetreuung-krk.com\/en\/wp-json\/wp\/v2\/comments?post=1301"}],"version-history":[{"count":74,"href":"https:\/\/immobilienbetreuung-krk.com\/en\/wp-json\/wp\/v2\/pages\/1301\/revisions"}],"predecessor-version":[{"id":2159,"href":"https:\/\/immobilienbetreuung-krk.com\/en\/wp-json\/wp\/v2\/pages\/1301\/revisions\/2159"}],"wp:featuredmedia":[{"embeddable":true,"href":"https:\/\/immobilienbetreuung-krk.com\/en\/wp-json\/wp\/v2\/media\/1439"}],"wp:attachment":[{"href":"https:\/\/immobilienbetreuung-krk.com\/en\/wp-json\/wp\/v2\/media?parent=1301"}],"curies":[{"name":"wp","href":"https:\/\/api.w.org\/{rel}","templated":true}]}}