{"id":2118,"date":"2024-12-01T15:34:30","date_gmt":"2024-12-01T14:34:30","guid":{"rendered":"https:\/\/immobilienbetreuung-krk.com\/?page_id=2118"},"modified":"2024-12-06T11:03:34","modified_gmt":"2024-12-06T10:03:34","slug":"interior-design-auf-der-insel-krk","status":"publish","type":"page","link":"https:\/\/immobilienbetreuung-krk.com\/en\/interior-design-auf-der-insel-krk\/","title":{"rendered":"Interior-design auf der Insel Krk"},"content":{"rendered":"<figure class=\"wp-block-image size-large\"><img fetchpriority=\"high\" decoding=\"async\" width=\"1024\" height=\"683\" src=\"https:\/\/immobilienbetreuung-krk.com\/wp-content\/uploads\/2024\/12\/marlea-black-high-res-1024x683.png\" alt=\"Marlea Interior design insel Krk in Kroatien\" class=\"wp-image-2155\"\/><figcaption class=\"wp-element-caption\">Marlea Interior design island of Krk in Croatia<\/figcaption><\/figure>\n\n\n\n<p class=\"has-luminous-vivid-amber-color has-text-color has-link-color has-medium-font-size wp-elements-2adf7d7dfd62c56f309f43052d76e56f\"><strong>Real Estate Management Krk: Exclusive Partner <\/strong><a href=\"https:\/\/www.marlea-interiordesign.com\" target=\"_blank\" rel=\"noreferrer noopener\">marlea INTERIOR &amp; DESIGN<\/a><\/p>\n\n\n\n<p>For property owners on the island of Krk who want to realize the full potential of their holiday homes, we offer a unique partnership with <a href=\"https:\/\/www.marlea-interiordesign.com\" target=\"_blank\" rel=\"noreferrer noopener\">marlea INTERIOR &amp; DESIGN<\/a> to.<\/p>\n\n\n\n<p><strong>Marlea Interior Design<\/strong> stands for:<\/p>\n\n\n\n<ul class=\"wp-block-list\">\n<li><strong>Individual furnishing solutions<\/strong>: Delight your guests with tailor-made interior design concepts.<\/li>\n\n\n\n<li><strong>Professional advice<\/strong>: Benefit from interior design strategies that make your vacation property stand out.<\/li>\n\n\n\n<li><strong>Budget-friendly furniture options<\/strong>: Perfectly tailored to your requirements.<\/li>\n\n\n\n<li><strong>German craftsmanship quality on site<\/strong>: Whether painting work, plumbing and electrical installations, carpentry work or drywall construction - everything from a single source.<\/li>\n\n\n\n<li><strong>Full service offerings<\/strong>: From renovation to furnishings to decoration, we take care of every detail.<\/li>\n<\/ul>\n\n\n\n<div style=\"height:40px\" aria-hidden=\"true\" class=\"wp-block-spacer\"><\/div>\n\n\n\n<div class=\"wp-block-columns is-layout-flex wp-container-core-columns-is-layout-9d6595d7 wp-block-columns-is-layout-flex\">\n<div class=\"wp-block-column is-layout-flow wp-block-column-is-layout-flow\">\n<figure class=\"wp-block-image size-full\"><img decoding=\"async\" width=\"1000\" height=\"666\" src=\"https:\/\/immobilienbetreuung-krk.com\/wp-content\/uploads\/2024\/12\/IMG_5642.jpg\" alt=\"\" class=\"wp-image-2125\"\/><figcaption class=\"wp-element-caption\">Before<\/figcaption><\/figure>\n<\/div>\n\n\n\n<div class=\"wp-block-column is-layout-flow wp-block-column-is-layout-flow\">\n<figure class=\"wp-block-image size-large\"><img decoding=\"async\" width=\"1024\" height=\"683\" src=\"https:\/\/immobilienbetreuung-krk.com\/wp-content\/uploads\/2024\/12\/Villa-Ljubavi-38-1024x683.jpg\" alt=\"\" class=\"wp-image-2126\"\/><figcaption class=\"wp-element-caption\">After<\/figcaption><\/figure>\n<\/div>\n<\/div>\n\n\n\n<div class=\"wp-block-columns is-layout-flex wp-container-core-columns-is-layout-9d6595d7 wp-block-columns-is-layout-flex\">\n<div class=\"wp-block-column is-layout-flow wp-block-column-is-layout-flow\">\n<figure class=\"wp-block-image size-full\"><img loading=\"lazy\" decoding=\"async\" width=\"2070\" height=\"1390\" src=\"https:\/\/immobilienbetreuung-krk.com\/wp-content\/uploads\/2024\/12\/Bildschirmfoto-2024-12-01-um-16.35.38.png\" alt=\"\" class=\"wp-image-2150\"\/><figcaption class=\"wp-element-caption\">Before<\/figcaption><\/figure>\n<\/div>\n\n\n\n<div class=\"wp-block-column is-layout-flow wp-block-column-is-layout-flow\">\n<figure class=\"wp-block-image size-large\"><img loading=\"lazy\" decoding=\"async\" width=\"1024\" height=\"683\" src=\"https:\/\/immobilienbetreuung-krk.com\/wp-content\/uploads\/2024\/12\/Villa-Neoma-18-1024x683.jpg\" alt=\"\" class=\"wp-image-2147\"\/><figcaption class=\"wp-element-caption\">After<\/figcaption><\/figure>\n<\/div>\n<\/div>\n\n\n\n<div class=\"wp-block-columns is-layout-flex wp-container-core-columns-is-layout-9d6595d7 wp-block-columns-is-layout-flex\">\n<div class=\"wp-block-column is-layout-flow wp-block-column-is-layout-flow\">\n<figure class=\"wp-block-image size-full\"><img loading=\"lazy\" decoding=\"async\" width=\"1920\" height=\"2560\" src=\"https:\/\/immobilienbetreuung-krk.com\/wp-content\/uploads\/2024\/12\/WhatsApp-Bild-2023-10-18-um-13.44.21_f44971c4-scaled.jpg\" alt=\"\" class=\"wp-image-2161\"\/><figcaption class=\"wp-element-caption\">Before<\/figcaption><\/figure>\n<\/div>\n\n\n\n<div class=\"wp-block-column is-layout-flow wp-block-column-is-layout-flow\">\n<figure class=\"wp-block-image size-large\"><img loading=\"lazy\" decoding=\"async\" width=\"768\" height=\"1024\" src=\"https:\/\/immobilienbetreuung-krk.com\/wp-content\/uploads\/2024\/12\/IMG_8702-768x1024.jpg\" alt=\"\" class=\"wp-image-2162\"\/><figcaption class=\"wp-element-caption\">After<\/figcaption><\/figure>\n<\/div>\n<\/div>\n\n\n\n<div class=\"wp-block-columns is-layout-flex wp-container-core-columns-is-layout-9d6595d7 wp-block-columns-is-layout-flex\">\n<div class=\"wp-block-column is-layout-flow wp-block-column-is-layout-flow\"><\/div>\n\n\n\n<div class=\"wp-block-column is-layout-flow wp-block-column-is-layout-flow\"><\/div>\n<\/div>\n\n\n\n<p><strong>Your advantages<\/strong>:<\/p>\n\n\n\n<ul class=\"wp-block-list\">\n<li>Increase your bookings with stylish and modern furnishings.<\/li>\n\n\n\n<li>Increase the satisfaction of your guests and secure first-class reviews.<\/li>\n\n\n\n<li>Leave all work to an experienced team who understands your language.<\/li>\n<\/ul>\n\n\n\n<p>With our expertise in real estate management and Marlea Interior Design as a partner, we take your property to a new level. <strong>Contact us<\/strong>, to transform your holiday apartment or holiday home into a true oasis of well-being.<\/p>\n\n\n\n<div style=\"height:40px\" aria-hidden=\"true\" class=\"wp-block-spacer\"><\/div>\n\n\n\n<div class=\"wp-block-cover alignfull is-light has-parallax wp-duotone-purple-green\" style=\"margin-top:0;padding-top:4vw;padding-right:4vw;padding-bottom:4vw;padding-left:4vw;min-height:50vh;aspect-ratio:unset;\"><span aria-hidden=\"true\" class=\"wp-block-cover__background has-vivid-green-cyan-background-color has-background-dim-30 has-background-dim\"><\/span><div role=\"img\" aria-label=\"Immobilienbetreuung Krk Sauber\" class=\"wp-block-cover__image-background wp-image-1494 has-parallax\" style=\"background-position:50% 50%;background-image:url(https:\/\/immobilienbetreuung-krk.com\/wp-content\/uploads\/2024\/10\/Pool-Clean.jpg)\"><\/div><div class=\"wp-block-cover__inner-container is-layout-flow wp-block-cover-is-layout-flow\">\n<div class=\"wp-block-group\"><div class=\"wp-block-group__inner-container is-layout-flow wp-block-group-is-layout-flow\">\n<p class=\"has-text-align-center has-text-color\" style=\"color:#ffb23d;font-size:30px;font-style:normal;font-weight:700;letter-spacing:-2px;line-height:0.9;text-transform:uppercase\">REQUEST A NON-BINDING QUOTE<\/p>\n\n\n\n<div style=\"height:48px\" aria-hidden=\"true\" class=\"wp-block-spacer\"><\/div>\n\n\n\n<div class=\"wp-block-buttons is-content-justification-center is-layout-flex wp-container-core-buttons-is-layout-16018d1d wp-block-buttons-is-layout-flex\">\n<div class=\"wp-block-button has-custom-font-size has-small-font-size\" style=\"font-style:normal;font-weight:700;letter-spacing:1px;text-transform:uppercase\"><a class=\"wp-block-button__link has-text-color has-background wp-element-button\" href=\"https:\/\/immobilienbetreuung-krk.com\/en\/kontakt\/\" style=\"color:#2c3066;background-color:#ffb23d;padding-top:32px;padding-right:48px;padding-bottom:32px;padding-left:48px\">Contact us<\/a><\/div>\n<\/div>\n<\/div><\/div>\n<\/div><\/div>","protected":false},"excerpt":{"rendered":"<p>Immobilienbetreuung Krk: Exklusiver Partner marlea INTERIOR &amp; DESIGN F\u00fcr Immobilienbesitzer auf der Insel Krk, die das volle Potenzial ihrer Ferienh\u00e4user aussch\u00f6pfen m\u00f6chten, bieten wir eine einzigartige Partnerschaft mit marlea INTERIOR &amp; DESIGN an. Marlea Interior Design steht f\u00fcr: Ihre Vorteile: [&hellip;]<\/p>","protected":false},"author":2,"featured_media":2121,"parent":0,"menu_order":0,"comment_status":"closed","ping_status":"closed","template":"","meta":{"footnotes":""},"class_list":["post-2118","page","type-page","status-publish","has-post-thumbnail","hentry"],"_links":{"self":[{"href":"https:\/\/immobilienbetreuung-krk.com\/en\/wp-json\/wp\/v2\/pages\/2118","targetHints":{"allow":["GET"]}}],"collection":[{"href":"https:\/\/immobilienbetreuung-krk.com\/en\/wp-json\/wp\/v2\/pages"}],"about":[{"href":"https:\/\/immobilienbetreuung-krk.com\/en\/wp-json\/wp\/v2\/types\/page"}],"author":[{"embeddable":true,"href":"https:\/\/immobilienbetreuung-krk.com\/en\/wp-json\/wp\/v2\/users\/2"}],"replies":[{"embeddable":true,"href":"https:\/\/immobilienbetreuung-krk.com\/en\/wp-json\/wp\/v2\/comments?post=2118"}],"version-history":[{"count":17,"href":"https:\/\/immobilienbetreuung-krk.com\/en\/wp-json\/wp\/v2\/pages\/2118\/revisions"}],"predecessor-version":[{"id":2165,"href":"https:\/\/immobilienbetreuung-krk.com\/en\/wp-json\/wp\/v2\/pages\/2118\/revisions\/2165"}],"wp:featuredmedia":[{"embeddable":true,"href":"https:\/\/immobilienbetreuung-krk.com\/en\/wp-json\/wp\/v2\/media\/2121"}],"wp:attachment":[{"href":"https:\/\/immobilienbetreuung-krk.com\/en\/wp-json\/wp\/v2\/media?parent=2118"}],"curies":[{"name":"wp","href":"https:\/\/api.w.org\/{rel}","templated":true}]}}