{"id":232,"date":"2021-10-10T09:20:27","date_gmt":"2021-10-10T07:20:27","guid":{"rendered":"https:\/\/immobilienbetreuung-krk.com\/?page_id=232"},"modified":"2024-11-25T17:43:50","modified_gmt":"2024-11-25T16:43:50","slug":"pool-pflege","status":"publish","type":"page","link":"https:\/\/immobilienbetreuung-krk.com\/en\/pool-pflege\/","title":{"rendered":"Pool Maintenance"},"content":{"rendered":"<p><b>Would you like professional pool maintenance on the island of Krk and would you like to be able to rely on your pool having crystal clear water all summer long? Then you have come to the right place.\u00a0<\/b><\/p>\n<ul>\n<li>We come to their pool twice a week. 1x for control and to check the chemicals. 1x to check the technology and the chemicals. This is the only way we can guarantee that your pool will be crystal clear throughout the season.<\/li>\n<li>We offer a basic cleaning of your pool once a year for an additional charge.<\/li>\n<li>We guarantee (as long as the technology works properly) a clean pool throughout the entire season.<\/li>\n<li>We work with professional chemicals.<\/li>\n<li>The price includes travel and chemicals.<\/li>\n<li>We change the sand, filter balls or glass balls in the filter before or after the season for an additional charge.<\/li>\n<\/ul>\n<h2>Also think about winter!<\/h2>\n<p><b>It is just as important to maintain the pool in winter. It's just as important as in summer. That's why it's important to winterize the pool after every season. Nobody wants the pool not to be ready before the next season. This costs unnecessary time and money.\u00a0<\/b><\/p>\n<p><b>Do you need a pool cover for your pool on the island of Krk? Then take a look \u201c<\/b><a href=\"https:\/\/immobilienbetreuung-krk.com\/en\/poolabdeckungen-auf-krk\/\"><b>here\"<\/b><\/a><b> after.<\/b><\/p>\n\n\n<div class=\"wp-block-cover alignfull is-light has-parallax wp-duotone-purple-green\" style=\"margin-top:0;padding-top:4vw;padding-right:4vw;padding-bottom:4vw;padding-left:4vw;min-height:50vh;aspect-ratio:unset;\"><span aria-hidden=\"true\" class=\"wp-block-cover__background has-vivid-green-cyan-background-color has-background-dim-30 has-background-dim\"><\/span><div role=\"img\" aria-label=\"Immobilienbetreuung Krk Sauber\" class=\"wp-block-cover__image-background wp-image-1494 has-parallax\" style=\"background-position:50% 50%;background-image:url(https:\/\/immobilienbetreuung-krk.com\/wp-content\/uploads\/2024\/10\/Pool-Clean.jpg)\"><\/div><div class=\"wp-block-cover__inner-container is-layout-flow wp-block-cover-is-layout-flow\">\n<div class=\"wp-block-group\"><div class=\"wp-block-group__inner-container is-layout-flow wp-block-group-is-layout-flow\">\n<p class=\"has-text-align-center has-text-color\" style=\"color:#ffb23d;font-size:30px;font-style:normal;font-weight:700;letter-spacing:-2px;line-height:0.9;text-transform:uppercase\">REQUEST A NON-BINDING QUOTE<\/p>\n\n\n\n<div style=\"height:48px\" aria-hidden=\"true\" class=\"wp-block-spacer\"><\/div>\n\n\n\n<div class=\"wp-block-buttons is-content-justification-center is-layout-flex wp-container-core-buttons-is-layout-16018d1d wp-block-buttons-is-layout-flex\">\n<div class=\"wp-block-button has-custom-font-size has-small-font-size\" style=\"font-style:normal;font-weight:700;letter-spacing:1px;text-transform:uppercase\"><a class=\"wp-block-button__link has-text-color has-background wp-element-button\" href=\"https:\/\/immobilienbetreuung-krk.com\/en\/kontakt\/\" style=\"color:#2c3066;background-color:#ffb23d;padding-top:32px;padding-right:48px;padding-bottom:32px;padding-left:48px\">Contact us<\/a><\/div>\n<\/div>\n<\/div><\/div>\n<\/div><\/div>","protected":false},"excerpt":{"rendered":"<p>Sie w\u00fcnschen sich eine professionelle Poolpflege auf der Insel Krk und m\u00f6chten sich darauf verlassen k\u00f6nnen, dass Ihr Pool den ganzen Sommer glasklares Wasser hat? Dann sind Sie bei uns an der richtigen Adresse.\u00a0 Wir kommen 2x die Woche zu [&hellip;]<\/p>","protected":false},"author":2,"featured_media":1494,"parent":0,"menu_order":0,"comment_status":"closed","ping_status":"closed","template":"","meta":{"footnotes":""},"class_list":["post-232","page","type-page","status-publish","has-post-thumbnail","hentry"],"_links":{"self":[{"href":"https:\/\/immobilienbetreuung-krk.com\/en\/wp-json\/wp\/v2\/pages\/232","targetHints":{"allow":["GET"]}}],"collection":[{"href":"https:\/\/immobilienbetreuung-krk.com\/en\/wp-json\/wp\/v2\/pages"}],"about":[{"href":"https:\/\/immobilienbetreuung-krk.com\/en\/wp-json\/wp\/v2\/types\/page"}],"author":[{"embeddable":true,"href":"https:\/\/immobilienbetreuung-krk.com\/en\/wp-json\/wp\/v2\/users\/2"}],"replies":[{"embeddable":true,"href":"https:\/\/immobilienbetreuung-krk.com\/en\/wp-json\/wp\/v2\/comments?post=232"}],"version-history":[{"count":48,"href":"https:\/\/immobilienbetreuung-krk.com\/en\/wp-json\/wp\/v2\/pages\/232\/revisions"}],"predecessor-version":[{"id":2102,"href":"https:\/\/immobilienbetreuung-krk.com\/en\/wp-json\/wp\/v2\/pages\/232\/revisions\/2102"}],"wp:featuredmedia":[{"embeddable":true,"href":"https:\/\/immobilienbetreuung-krk.com\/en\/wp-json\/wp\/v2\/media\/1494"}],"wp:attachment":[{"href":"https:\/\/immobilienbetreuung-krk.com\/en\/wp-json\/wp\/v2\/media?parent=232"}],"curies":[{"name":"wp","href":"https:\/\/api.w.org\/{rel}","templated":true}]}}