{"id":237,"date":"2021-10-10T09:47:19","date_gmt":"2021-10-10T07:47:19","guid":{"rendered":"https:\/\/immobilienbetreuung-krk.com\/?page_id=237"},"modified":"2025-01-13T21:49:38","modified_gmt":"2025-01-13T20:49:38","slug":"poolabdeckungen-auf-krk","status":"publish","type":"page","link":"https:\/\/immobilienbetreuung-krk.com\/en\/poolabdeckungen-auf-krk\/","title":{"rendered":"Poolabdeckungen auf Krk"},"content":{"rendered":"<h1>Custom pool cover<\/h1>\n<p><b>When planning a pool, it makes sense to think about the pool cover right from the start. However, it is never too late to have a tailor-made pool cover made for you. There are various systems and options for covering the pool in summer and winter and thus protecting it from dirt and heat loss.\u00a0<\/b><\/p>\n<p><b>Even if the cover for the swimming pool is not yet implemented straight away, the structural conditions should be adjusted in advance so that subsequent installation no longer requires any additional effort.\u00a0<\/b><\/p>\n<p><b>Although our simple systems do not require a lot of installation work, you should definitely think about storing the cover when not in use.<\/b><\/p>\n<h2>Save maintenance and energy costs<\/h2>\n<p><b>Smart calculators think ahead: Purchasing a pool is one thing, the ongoing costs for maintenance and heating are another. With an efficient summer cover, you can reduce chemical requirements to a minimum and heating costs by up to 70%.<\/b><\/p>\n<p><b>Pool covers should not only retain heat, but also keep leaves, small animals, insects and other contaminants away. And above all, they should offer reliable protection for your own children and their friends - in summer and winter.<\/b><\/p>\n<p class=\"translation-block\"><b>Arrange now using <\/b><a href=\"https:\/\/immobilienbetreuung-krk.com\/en\/kontakt\/\" target=\"_self\"><b>contact form<\/b><\/a><b><\/p>\n<p><b>Below you will find 2 different pool covers that we have on offer. We would be happy to advise you on the various options and share our experience with you!<\/b><\/p>\n<p><b>After viewing your pool, we can deliver and install your tailor-made pool cover within 7-10 days.\u00a0<\/b><\/p>\n<h2>The classic pool cover<\/h2>\n<p><b>For the classic pool cover you can expect to pay an average of \u20ac30 per m2. The price includes the tarpaulin, the hooks, ground anchors and the rubber tensioners.<\/b><\/p>\n<p><b>Details: 580g\/m2, PVC canvas 508, 100% PES, 1100 dTex, color blue, saddler quality, UV protected, usable from -35 to +70 Celsius, reinforced edges (5cm), round eyelets (14mm)<\/b><\/p>\n<h2>Pool cover roll protection with hollow seams for poles<\/h2>\n<p>Advantages:<\/p>\n<ul>\n<li>easily foldable.<\/li>\n<li>Extremely resilient thanks to the tubes that are pulled into the specially made insert pockets.<\/li>\n<li>Safer.<\/li>\n<\/ul>\n<p><b>You can expect to pay an average of \u20ac40 per m2 for the roll protection pool cover. The price includes the tarpaulin, the hooks, ground anchors, the aluminum tubes and the rubber tensioners.<\/b><\/p>\n<p><b>Details: 580g\/m2, PVC canvas 508, 100% PES, 1100 dTex, color blue, saddler quality, UV protected, usable from -35 to +70 Celsius, reinforced edges (5cm), round eyelets (14mm), plasticized aluminum tubes (Depending on pool size).<\/b><\/p>\n\n\n<div style=\"height:40px\" aria-hidden=\"true\" class=\"wp-block-spacer\"><\/div>\n\n\n\n<div class=\"wp-block-cover alignfull is-light wp-duotone-purple-green\" style=\"margin-top:0;padding-top:4vw;padding-right:4vw;padding-bottom:4vw;padding-left:4vw;min-height:50vh;aspect-ratio:unset;\"><span aria-hidden=\"true\" class=\"wp-block-cover__background has-vivid-green-cyan-background-color has-background-dim-30 has-background-dim\"><\/span><img fetchpriority=\"high\" decoding=\"async\" width=\"1920\" height=\"1097\" class=\"wp-block-cover__image-background wp-image-1494\" alt=\"Immobilienbetreuung Krk Sauber\" src=\"https:\/\/immobilienbetreuung-krk.com\/wp-content\/uploads\/2024\/10\/Pool-Clean.jpg\" data-object-fit=\"cover\"\/><div class=\"wp-block-cover__inner-container is-layout-flow wp-block-cover-is-layout-flow\">\n<div class=\"wp-block-group\"><div class=\"wp-block-group__inner-container is-layout-flow wp-block-group-is-layout-flow\">\n<p class=\"has-text-align-center has-text-color\" style=\"color:#ffb23d;font-size:30px;font-style:normal;font-weight:700;letter-spacing:-2px;line-height:0.9;text-transform:uppercase\">REQUEST A NON-BINDING QUOTE<\/p>\n\n\n\n<div style=\"height:48px\" aria-hidden=\"true\" class=\"wp-block-spacer\"><\/div>\n\n\n\n<div class=\"wp-block-buttons is-content-justification-center is-layout-flex wp-container-core-buttons-is-layout-16018d1d wp-block-buttons-is-layout-flex\">\n<div class=\"wp-block-button has-custom-font-size\" style=\"font-size:20px;font-style:normal;font-weight:700;letter-spacing:1px;text-transform:uppercase\"><a class=\"wp-block-button__link has-text-color has-background wp-element-button\" href=\"https:\/\/immobilienbetreuung-krk.com\/en\/kontakt\/\" style=\"color:#2c3066;background-color:#ffb23d;padding-top:32px;padding-right:48px;padding-bottom:32px;padding-left:48px\">Contact us<\/a><\/div>\n<\/div>\n<\/div><\/div>\n<\/div><\/div>","protected":false},"excerpt":{"rendered":"<p>Abdeckung f\u00fcr den Pool nach Ma\u00df Bei der Planung eines Pools macht es von Anfang an Sinn, sich auch Gedanken \u00fcber die Poolabdeckung zu machen. Es ist jedoch auch nie zu sp\u00e4t, sich nachtr\u00e4glich eine ma\u00dfgeschneiderte Poolabdeckung schneidern zu lassen. [&hellip;]<\/p>","protected":false},"author":2,"featured_media":2142,"parent":0,"menu_order":0,"comment_status":"closed","ping_status":"closed","template":"","meta":{"footnotes":""},"class_list":["post-237","page","type-page","status-publish","has-post-thumbnail","hentry"],"_links":{"self":[{"href":"https:\/\/immobilienbetreuung-krk.com\/en\/wp-json\/wp\/v2\/pages\/237","targetHints":{"allow":["GET"]}}],"collection":[{"href":"https:\/\/immobilienbetreuung-krk.com\/en\/wp-json\/wp\/v2\/pages"}],"about":[{"href":"https:\/\/immobilienbetreuung-krk.com\/en\/wp-json\/wp\/v2\/types\/page"}],"author":[{"embeddable":true,"href":"https:\/\/immobilienbetreuung-krk.com\/en\/wp-json\/wp\/v2\/users\/2"}],"replies":[{"embeddable":true,"href":"https:\/\/immobilienbetreuung-krk.com\/en\/wp-json\/wp\/v2\/comments?post=237"}],"version-history":[{"count":40,"href":"https:\/\/immobilienbetreuung-krk.com\/en\/wp-json\/wp\/v2\/pages\/237\/revisions"}],"predecessor-version":[{"id":2194,"href":"https:\/\/immobilienbetreuung-krk.com\/en\/wp-json\/wp\/v2\/pages\/237\/revisions\/2194"}],"wp:featuredmedia":[{"embeddable":true,"href":"https:\/\/immobilienbetreuung-krk.com\/en\/wp-json\/wp\/v2\/media\/2142"}],"wp:attachment":[{"href":"https:\/\/immobilienbetreuung-krk.com\/en\/wp-json\/wp\/v2\/media?parent=237"}],"curies":[{"name":"wp","href":"https:\/\/api.w.org\/{rel}","templated":true}]}}