{"id":3,"date":"2021-08-06T11:56:35","date_gmt":"2021-08-06T09:56:35","guid":{"rendered":"http:\/\/immobilienbetreuung-krk.com\/?page_id=3"},"modified":"2021-09-03T16:41:06","modified_gmt":"2021-09-03T14:41:06","slug":"pravila-privatnosti","status":"publish","type":"page","link":"https:\/\/immobilienbetreuung-krk.com\/en\/pravila-privatnosti\/","title":{"rendered":"Politika privatnosti"},"content":{"rendered":"<h1 class=\"wp-block-heading\">Politika o privatnosti korisnika<\/h1>\n\n\n\n<p>Namjena ove politike privatnosti je upoznati kupce, potencijalne kupce ili posjetitelje internetskih stranica https:\/\/immobilienbetreuung-krk.com s namjenama i temeljem obrade osobnih podataka od strane Kuponi d.o.o. Bukovac 93, Zagreb 10000,(u nastavku: Immobilienbetreuung Krk).<\/p>\n\n\n\n<p>U Immobilienbetreuung Krk-u cijenimo va\u0161u privatnost zato sve va\u0161e osobne podatke \u010duvamo u strogoj tajnosti.<\/p>\n\n\n\n<p>Sve na\u0161e internetske aktivnosti su u skladu s europskim zakonima (Uredba (EU) 2016\/697 o za\u0161titi potro\u0161a\u010da u vezi obrade osobnih podataka i upotrebe takvih podataka (Op\u0107a uredba o za\u0161titi podataka ili GDPR), i zakonima Republike Hrvatske.<\/p>\n\n\n\n<p>Politika privatnosti odre\u0111uje upotrebu informacija koje \u0107e Immobilienbetreuung Krk zaprimiti od vas kada posjetite Immobilienbetreuung Krk-ove internetske stranice, registrirate se i izvr\u0161ite kupovinu ili podatke koje \u0107ete podijeliti sa Immobilienbetreuung Krk korisni\u010dkom slu\u017ebom ukoliko nas kontaktirate telefonski.<\/p>\n\n\n\n<p>Voditelj i izvr\u0161itelj obrade i ovla\u0161tena osoba za za\u0161titu podataka<\/p>\n\n\n\n<p>Voditelj i izvr\u0161itelj obrade osobnih podataka je tvrtka Kuponi d.o.o. Bukovac 93, Zagreb 10000<\/p>\n\n\n\n<h2 class=\"wp-block-heading\">Osobni podaci<\/h2>\n\n\n\n<p>Osobni podatak je svaka informacija koja se odnosi na fizi\u010dku osobu koja je identificirana ili se mo\u017ee identificirati; osoba koja se mo\u017ee identificirati je osoba \u010diji se identitet mo\u017ee utvrditi izravno ili neizravno, posebno na osnovi identifikacijskog broja ili jednog ili vi\u0161e obilje\u017eja specifi\u010dnih za njezin fizi\u010dki, psiholo\u0161ki, mentalni, gospodarski, kulturni ili socijalni identitet.<\/p>\n\n\n\n<p>Immobilienbetreuung Krk, sukladno s namjenama navedenim u nastavku te politikom privatnosti prikuplja sljede\u0107e osobne podatke:<\/p>\n\n\n\n<ul class=\"wp-block-list\"><li>osnovni podaci o korisniku (ime i prezime, adresa, datum ro\u0111enja, adresa za isporuku);<\/li><li>kontaktni podaci i podaci o va\u0161oj komunikaciji s Immobilienbetreuung Krk-om (e-mail adresa, telefonski broj, datum, vrijeme i sadr\u017eaj po\u0161tanske ili email komunikacije, datum, vrijeme i trajanje telefonskih poziva, snimka telefonskih poziva);<\/li><li>kanal i kampanja \u2013 izvor preko kojeg je korisnik-kupac do\u0161ao u kontakt s Immobilienbetreuung Krk (internetska stranica i oglasna kampanja tj. akcija, pozivni centar);<\/li><li>podatke o korisnikovim narud\u017ebama i izdanim ra\u010dunima (datum zaprimanja i izvr\u0161enja narud\u017ebe, kupljeni proizvodi, cijene kupljenih proizvoda, kona\u010dni izbor narud\u017ebe, na\u010din pla\u0107anja, adresa za dostavu, broj i datum izdaje ra\u010duna, oznaka osobe koja je izdala ra\u010dun, itd.) te podatke o rje\u0161avanju reklamacija proizvoda;<\/li><li>podaci o korisnikovoj upotrebi internetske stranice upravitelja (datumi i vrijeme posjeta internetske stranice, posje\u0107ene stranice tj. URL-i, vrijeme zadr\u017eavanja na pojedinoj stranici, broj posje\u0107enih stranica, ukupno vrijeme posjete internetske stranice, radnje na internetskoj stranici) te podatke o upotrebi primljenih poruka (e-po\u0161ta, SMS) prodavatelja;<\/li><li>podatke iz dobrovoljno ispunjenih obrazaca sa strane korisnika, npr. u okviru nagradnih igra ili upotrebe konfiguratora za identifikaciju optimalnih proizvoda za potrebe korisnika;<\/li><li>druge podatke koje korisnik dobrovoljno ispuni kod zahtjeva na odre\u0111ene usluge, koje te podatke zahtijevaju.<\/li><li>Immobilienbetreuung Krk ne sakuplja i ne obra\u0111uje Va\u0161e osobne podatke, osim kada mu Vi to omogu\u0107ite tj. za to date privolu, tj. kod narud\u017ebe proizvoda ili usluga, kada se prijavite na primanje e-mail obavijesti, sudjelujete u nagradnoj igri itd., ili kada za skupljanje osobnih podataka postoji zakonska podloga ili Immobilienbetreuung Krk za obradu ima zakonit interes.<\/li><\/ul>\n\n\n\n<p>Vremensko razdoblje u kojem Ponuditelj \u010duva sakupljene podatke, je detaljnije obja\u0161njeno u poglavlju \u010cuvanje osobnih podataka te Politike.<\/p>\n\n\n\n<h2 class=\"wp-block-heading\">Namjena obrade i temelj za obradu podataka<\/h2>\n\n\n\n<p><span style=\"font-size: revert; color: initial;\">Immobilienbetreuung Krk<\/span> prikuplja i obra\u0111uje Va\u0161e osobne podatke temeljem sljede\u0107ih pravnih osnova:<\/p>\n\n\n\n<ul class=\"wp-block-list\"><li>zakon i ugovorni odnosi<\/li><li>zakonski (legitimni) interes<\/li><li>privola pojedinca tj. kupca<\/li><\/ul>\n\n\n\n<h2 class=\"wp-block-heading\">Obrada podataka temeljem zakona i ugovornih obaveza<\/h2>\n\n\n\n<p>U situacijama kada je osiguravanje osobnih podataka ugovorna obveza, obveza koja je potrebna za sklapanje i izvo\u0111enje ugovora s <span style=\"font-size: revert; color: initial;\">Immobilienbetreuung Krk<\/span>om, ili zakonska obveza, morate osigurati osobne podatke:<\/p>\n\n\n\n<p>Primjerice ukoliko sa <span style=\"font-size: revert; color: initial;\">Immobilienbetreuung Krk<\/span>om ne podijelite osobne podatke (ime, prezime, adresu za dostavu, telefonski broj) <span style=\"font-size: revert; color: initial;\">Immobilienbetreuung Krk<\/span> ne\u0107e biti u mogu\u0107nosti sklopiti s vama Ugovor o prodaji robe na daljinu tj narud\u017ebu proizvoda i shodno tome ne\u0107e mo\u0107i isporu\u010diti proizvod(e) jer ne\u0107e imati podatke o naru\u010ditelju i adresu za isporuku. Datum ro\u0111enja va\u017ean je podatak bez kojeg ne mo\u017eemo odrediti smijemo li s Vama sklopiti ugovor. Kako neki na\u0161i proizvodi mogu uklju\u010divati npr. kupone kojima se bi se mogla kupiti alkoholna pi\u0107a, vrlo nam je va\u017eno da znamo da ste u trenutku kupnje navr\u0161ili 18 godina.<\/p>\n\n\n\n<h2 class=\"wp-block-heading\">Namjena obrade podataka&nbsp;&nbsp;&nbsp;&nbsp;&nbsp;&nbsp;&nbsp; Detaljno obrazlo\u017eenje<\/h2>\n\n\n\n<p><strong>Otvaranje korisni\u010dkog ra\u010duna<\/strong>\u00a0\u2013\u00a0Za kori\u0161tenje <span style=\"font-size: revert; color: initial;\">Immobilienbetreuung Krk<\/span> platforme i naru\u010divanje putem iste potrebno se registrirati kao Korisnik. Za registraciju su potrebni sljede\u0107i Osobni podaci \u2013 email adresa, korisni\u010dko ime i lozinka za pristup stranici.<\/p>\n\n\n\n<p><strong>Sklapanje ugovora na daljinu<\/strong>\u00a0\u2013\u00a0Za sklapanje Ugovora na daljinu, potrebno je ispuniti podatke za dostavu proizvoda. Ukoliko Korisnik izabere opciju pla\u0107anja Kreditnim karticama potrebno je na stranicama Monri PayWay sustava ispuniti i podatke o kartici. <span style=\"font-size: revert; color: initial;\">Immobilienbetreuung Krk<\/span> nema pristup podacima o va\u0161oj kartici. <span style=\"font-size: revert; color: initial;\">Immobilienbetreuung Krk<\/span> od strane Pay Way sustava zaprima samo informaciju da li je va\u0161a kupovina odobrena od strane Karti\u010dara ili nije.<\/p>\n\n\n\n<h2 class=\"wp-block-heading\">Obrada na temelju legitimnog interesa<\/h2>\n\n\n\n<p><span style=\"font-size: revert; color: initial;\">Immobilienbetreuung Krk<\/span> mo\u017ee podatke obra\u0111ivati i na temelju legitimnog interesa, koji su potrebni za bolje pru\u017eanje usluga, osim kada nad takvim interesima prevladaju interesi ili temeljna prava i slobode pojedinca, na kojeg se odnose osobni podaci, koji zahtjevaju za\u0161titu osobnih podataka.<\/p>\n\n\n\n<p>U primjeru upotrebe zakonskog interesa <span style=\"font-size: revert; color: initial;\">Immobilienbetreuung Krk<\/span> \u0107e uvijek presuditi sukladno s Op\u0107enitom uredbom o za\u0161titi podataka.<\/p>\n\n\n\n<p><strong>Namjena obrade<\/strong>&nbsp;\u2013 Detaljno obrazlo\u017eenje<\/p>\n\n\n\n<p>Op\u0107enita statisti\u010dka obrada podataka o kupcima i njihovim narud\u017ebama te potencijalnim kupcima (kontaktima) za namjene internih analiza prodaje, ponovnih narud\u017eba, agregatnog pona\u0161anja kupaca, optimizacije ogla\u0161avanja i poslovne optimizacije.<\/p>\n\n\n\n<p>U poduze\u0107u <span style=\"font-size: revert; color: initial;\">Immobilienbetreuung Krk<\/span> provodimo op\u0107enitu statisti\u010dku obradu podataka o kupcima i njihovim narud\u017ebama te potencijalnim kupcima (kontaktima), temeljem koje radimo interne analize prodaje, ponovljenih narud\u017ebi i agregatnog pona\u0161anja kupaca te pratimo i optimiziramo svoju poslovnu u\u010dinkovitost i optimiziramo svoje ogla\u0161avanje, npr.:<\/p>\n\n\n\n<ul class=\"wp-block-list\"><li>Pratimo koliko kupaca ponavlja narud\u017ebe, koliko \u010desto i u kojoj vrijednosti<\/li><li>Pratimo op\u0107enite statisti\u010dke prodajne podatke, poput prosje\u010dne vrijednosti ko\u0161arice, broja proizvoda u narud\u017ebi i sli\u010dno<\/li><li>Pratimo odazive na elektronsku po\u0161tu, SMS poruke i razli\u010dite marketin\u0161ke poruke (Dru\u0161tvene mre\u017ee, Portali, internetski oglasi) i na temelju toga optimiziramo na\u0161e ogla\u0161avanje (odlu\u010dujemo \u0161to, gdje, kome i kako ogla\u0161avati).<\/li><li>Ova vrsta statisti\u010dkog pra\u0107enja poma\u017ee nam optimizirati poslovanje i ogla\u0161avanje te temeljem toga korisnicima mo\u017eemo ponuditi bolje proizvode i usluge.<\/li><\/ul>\n\n\n\n<p>Podaci o va\u0161im prija\u0161njim narud\u017ebama\u00a0Ukoliko kontaktirate <span style=\"font-size: revert; color: initial;\">Immobilienbetreuung Krk<\/span> korisni\u010dku podr\u0161ku na\u0161i djelatnici mogu imati pristup va\u0161im prija\u0161njim narud\u017ebama i povijesti narud\u017ebi, kako bi vam mogu ponuditi bolju uslugu.<\/p>\n\n\n\n<p>Ako to ne \u017eelite, tu vrstu obrade podataka mo\u017eete u bilo koje vrijeme prekinuti putem: info@immobilienbetreuung-krk.com<\/p>\n\n\n\n<p><strong>Obrada podataka o nepreuzetim narud\u017ebama na daljinu s namjenom sprje\u010davanja prevara<\/strong>&nbsp;\u2013 Temeljem svog legitimnog interesa obra\u0111ujemo podatke o poslanim i nepreuzetim narud\u017ebama na daljinu, s ciljem identificiranja kupaca koji nadprosje\u010dno naru\u010duju proizvode s pla\u0107anjem prilikom preuzimanja a zatim te proizvode ne preuzmu, \u010dime nam nastaje poslovna \u0161teta koju \u017eelimo sprije\u010diti.<\/p>\n\n\n\n<p>Kada takve kupce identificiramo, onemogu\u0107avamo im naru\u010divanje proizvoda s pla\u0107anjem prilikom preuzimanja, no jo\u0161 uvijek im je omogu\u0107eno naru\u010divanje proizvoda s pla\u0107anjem unaprijed putem virmana, kreditnim karticama ili PayPal-om.<\/p>\n\n\n\n<h2 class=\"wp-block-heading\">Automatsko email komuniciranje s Korisnikom temeljem nedovr\u0161ene narud\u017ebe&nbsp;<\/h2>\n\n\n\n<p>Temeljem svog legitimnog interesa potencijalnim kupcima, koji su u ko\u0161aricu dodali proizvode, a narud\u017ebu nisu zavr\u0161ili, povremeno po\u0161aljemo e-mail obavijesti vezanu uz neizvr\u0161enu narud\u017ebu, s ciljem nu\u0111enja pomo\u0107i ili informacija.<\/p>\n\n\n\n<p>Ako to ne \u017eelite, tu vrstu obrade podataka mo\u017eete u bilo koje vrijeme prekinuti putem Email: Info@immobilienbetreuung-krk.com<\/p>\n\n\n\n<p>Prilago\u0111eno komuniciranje (preko e-maila, SMSa, obavijesti preko internetskog pretra\u017eiva\u010da, informacija na internetskoj stranici, dru\u0161tvenim mre\u017eama) s prilago\u0111enim popustima, ponudama i sadr\u017eajima&nbsp;&nbsp;&nbsp;&nbsp;&nbsp;&nbsp;&nbsp;&nbsp;&nbsp;&nbsp; Povremeno svojim Korisnicima predstavljamo prikladne ponude, popuste i druge sadr\u017eaje, koje bi mogle biti zanimljive temeljem va\u0161ih prija\u0161njih interakcija.<\/p>\n\n\n\n<p>Za to koristimo sljede\u0107e va\u0161e podatke:<\/p>\n\n\n\n<ul class=\"wp-block-list\"><li>Demografski podaci (<a href=\"https:\/\/kuponi.hr\/politika-o-privatnosti-korisnika\/#_msocom_1\" target=\"_blank\" rel=\"noopener\">[1]<\/a>&nbsp;datum ro\u0111enja tj. starost, adresu)<\/li><li>Povijest va\u0161ih narud\u017ebi (kupljeni proizvodi, vrijeme kupnje, broj narud\u017ebi)<\/li><li>Pregledane stranice (pregled pojedinih proizvoda ili sadr\u017eaja koje mogu pokrenuti slanje prilago\u0111enih obavijesti)<\/li><li>Va\u0161i odazivi (otvaranje obavijesti, klik na poveznicu, narud\u017eba) na razli\u010dite obavijesti koje vam \u0161aljemo.<\/li><\/ul>\n\n\n\n<p>Ne koristimo bilo kakvo automatsko profiliranje, ve\u0107 samo odabiremo prikladan izbor primatelja za pojedine obavijesti. Pri tome se nikada ne fokusiramo na podatke pojedinaca, ve\u0107 izvodimo agregatnu obradu ve\u0107ih skupina.<\/p>\n\n\n\n<p>Ako to ne \u017eelite, tu vrstu obrade podataka mo\u017eete u bilo koje vrijeme prekinuti putem: Immobilienbetreuung-krk.com<\/p>\n\n\n\n<h2 class=\"wp-block-heading\">Obrada na temelju va\u0161e suglasnosti<\/h2>\n\n\n\n<p><span style=\"font-size: revert; color: initial;\">Immobilienbetreuung Krk<\/span> prikuplja (koristi) Va\u0161e osobne podatke samo kada mu to vi omogu\u0107ite odnosno kada date izri\u010ditu privolu tj. suglasnost:<\/p>\n\n\n\n<ul class=\"wp-block-list\"><li>kako bi vam omogu\u0107ili upotrebu va\u0161eg Immobilienbetreuung Krk korisni\u010dkog ra\u010duna i kupovinu na internetskim stranicama http:\/\/immobilienbetreuung-krk.com, te u svrhu tehni\u010dke administracije na Immobilienbetreuung Krk internet stranici,<\/li><li>kako bi vam osigurao pristup do posebnih informacija koje su vam dostupne na internet stranici Immobilienbetreuung-krk.com i na va\u0161em korisni\u010dkom ra\u010dunu\/profilu kojeg vam prodavatelj osigurava,<\/li><li>pripremu i slanje personaliziranih e-mail poruka, samo ukoliko ste se pretplatili na primanje promotivnih e-mail poruka<\/li><li>slanje reklamnih obavijesti i drugih sadr\u017eaja preko elektronske po\u0161te, SMS poruka, redovne po\u0161te kada ste tome dali suglasnost,<\/li><li>sve druge specifi\u010dne namjene s kojima ste suglasni u svrhu poslovanja s Immobilienbetreuung Krk<\/li><\/ul>\n\n\n\n<h2 class=\"wp-block-heading\">Profiliranje korisnika na temelju suglasnosti<\/h2>\n\n\n\n<p>Temeljem Va\u0161e suglasnosti za primanje personaliziranih e-mail ili SMS obavijesti <span style=\"font-size: revert; color: initial;\">Immobilienbetreuung Krk<\/span> \u0107e Vas obavje\u0161tavati o posebnim ponudama, promocijama, akcijama i drugim posebnim ponudama.<\/p>\n\n\n\n<p>Kako bi osigurali da primate samo one ponude koje su vama zanimljive, omogu\u0107ili smo korisnicima da definiraju podru\u010dja interesa za koja \u017eele primati promotivne obavijesti.<\/p>\n\n\n\n<p>Da bi za Vas kreirali najbolje ponude, mo\u017eemo koristiti neke od sljede\u0107ih osobnih podataka:<\/p>\n\n\n\n<ul class=\"wp-block-list\"><li>Demografski podaci (datum ro\u0111enja tj. starost, adresa)<\/li><li>Povijest Va\u0161ih narud\u017ebi (kupljeni proizvodi, vrijeme kupovine, broj narud\u017ebi)<\/li><li>Interesi (ukoliko ispunite upitnik o va\u0161im interesima slati \u0107emo vam promotivne materijale samo za kategorije proizvoda za koje ste izri\u010dito ozna\u010dili da \u017eelite primati (primjerice ako \u017eelite primati obavijesti isklju\u010divo iz kategorije Reinigung Krk, tada \u0107emo vam slati promotivne mailove samo o proizvodima iz kategorije Reinigung Krk, dok ostale obavijesti npr. o Putzdienst Krk ne\u0107emo slati na va\u0161u e-mail adresu)<\/li><li>Pona\u0161anje na Immobilienbetreuung-Krk.com internetskim stranicama (pregled pojedinih proizvoda ili kategorija proizvoda, dodavanje proizvoda u ko\u0161aricu, internetske transakcije)<\/li><li>Va\u0161i odazivi (otvaranje poruka, klik na poveznicu, kupnja) na razli\u010dite poruke koje vam \u0161aljemo.<\/li><li>Temeljem va\u0161eg izbora u \u0161aljemo vam personalizirane promotivne poruke:<\/li><li>Samo one kategorije proizvoda za koje ste iskazali interes i potvrdili njihovo primanje u postavkama profila<\/li><li>Izdvojene ponude za redovne kupce (Redovni kupci \u010de\u0161\u0107e primaju posebne ponude rezervirane samo za njih)<\/li><\/ul>\n\n\n\n<p>Ukoliko se u bilo kojem trenutku predomislite, i vi\u0161e ne \u017eelite primati Immobilienbetreuung-krk.com promotivne poruke ili \u017eelite a\u017eurirati svoj profil i izmijeniti\/nadodati popis kategorija koje vas zanimaju to u svakom trenutku mo\u017eete podesiti putem Emaila: Info@immobilienbetreuung-krk.com<\/p>\n\n\n\n<h2 class=\"wp-block-heading\">\u010cuvanje osobnih podataka<\/h2>\n\n\n\n<p><span style=\"font-size: revert; color: initial;\">Immobilienbetreuung Krk<\/span> \u0107e \u010duvati va\u0161e osobne podatke toliko vremena koliko je potrebno da se ostvare namjene u koje su osobni podaci bili prikupljeni i obra\u0111eni (npr. kako bi imali pristup i mogli koristiti va\u0161 internetski ra\u010dun i internetsku stranicu <span style=\"font-size: revert; color: initial;\">Immobilienbetreuung Krk<\/span>, kako bi prodavatelj mogao ispuniti va\u0161u narud\u017ebu, za provjeru va\u0161ih pla\u0107anja i ispunjenje drugih va\u0161ih i\/ili obaveza prodavatelja, kako bi mogli pristupati do posebnih informacija koje dostupne, kako bi vam prodavatelj mogao slati e-novosti i sl.).<\/p>\n\n\n\n<p>Sve osobne podatke koje Prodavatelj obra\u0111uje na osnovi zakona, prodavatelj \u010duva u okviru zakonsko odre\u0111enog razdoblja.<\/p>\n\n\n\n<p>Sve osobne podatke koje Prodavatelj obra\u0111uje zbog izvo\u0111enja ugovornog odnosa s pojedincem, Prodavatelj \u010duva u vremenskom razdoblju koje je potrebno za izvr\u0161enje ugovora i jo\u0161 5 godina nakon prestanka trajanja ugovora. Osim u slu\u010daju ako izme\u0111u vas i Prodavatelja do\u0111e do sukoba u vezi ugovora, u tom slu\u010daju Prodavatelj \u010duva podatke 5 godina nakon pravomo\u0107ne sudske ili arbitra\u017ene presude ili nagodbe, a u slu\u010daju da nije do\u0161lo do sudskog spora Prodavatelj \u010duva podatke 5 godina nakon datuma mirnog rje\u0161avanja spora.<\/p>\n\n\n\n<p>Sve osobne podatke koje Prodavatelj obra\u0111uje na osnovi osobne privole pojedinca ili zakonskog interesa, Prodavatelj \u010duva trajno do prekida privole od strane pojedinca, tj. do zahtjeva prekida obrade. Te podatke Prodavatelj \u0107e obrisati prije prekida privole od strane pojedinca, samo ako je postignuta namjena obrade osobnih podataka (npr. Prodavatelj u slu\u010daju da prekine voditi svoj klub pogodnosti, izbrisao sve osobne podatke koje je prikupio s tom namjenom. Prodavatelj bi izbrisao te podatke u tom slu\u010daju \u010dak i ako pojedinac koji je privolio u obradu osobnih podataka u namjenu kluba ugodnosti i tu privoli nije prekinuo) ili ako tako odre\u0111uje zakon.<\/p>\n\n\n\n<h2 class=\"wp-block-heading\">Ugovorna obrada osobnih podataka<\/h2>\n\n\n\n<p>Kao pojedinac ste upoznati i sla\u017eete se s time da prodavatelj mo\u017ee pojedine aktivnosti, koje uklju\u010duju Va\u0161e osobne podatke, povjeriti drugim osobama (ugovornim obraditeljima podataka). Ugovorni obraditelji podataka povjerljive podatke mogu obra\u0111ivati isklju\u010divo u ime prodavatelja i u ograni\u010denjima ovla\u0161tenja prodavatelja (u pisanom ugovoru odnosno u drugom pravnom aktu) i u skladu s namjenama koje su opredijeljene u ovoj politici privatnosti.<\/p>\n\n\n\n<p>Ugovorni obra\u0111iva\u010di podataka s kojima <span style=\"font-size: revert; color: initial;\">Immobilienbetreuung Krk<\/span> dijeli odre\u0111ene podatke su:<\/p>\n\n\n\n<ul class=\"wp-block-list\"><li>ra\u010dunovodstveni servis, odvjetni\u010dki uredi i drugi ponuditelji pravnog savjetovanja,<\/li><li>dostavne slu\u017ebe<\/li><li>ponuditelji obrade podataka i analitike,<\/li><li>ponuditelji slanja e-maila (Mailchimp)<\/li><li>ponuditelji sistema za pla\u0107anja, kao \u0161to su: T-com PayWay, PayPal, Solo<\/li><li>ponuditelji rje\u0161enja za internetsko ogla\u0161avanje (npr. Google, Facebook)<\/li><li>Prodavatelj ne\u0107e posredovati va\u0161e osobne podatke tre\u0107im neovla\u0161tenim osobama.<\/li><\/ul>\n\n\n\n<p>Prodavatelj ili njegovi ugovorni obra\u0111iva\u010di, osobne podatke koje obra\u0111uju ne\u0107e posredovati u tre\u0107e dr\u017eave (izvan dr\u017eava \u010dlanica Europskog gospodarskog prostora \u2013 \u010dlanice EU te Island, Norve\u0161ka i Lihten\u0161tajn) i u me\u0111unarodne organizacije, s iznimkom SAD-a \u2013 svi ugovorni obra\u0111iva\u010di u SAD-u su uklju\u010deni u program Privacy Shield.<\/p>\n\n\n\n<h2 class=\"wp-block-heading\">Sloboda izbora<\/h2>\n\n\n\n<p>O informacijama koje posredujete odlu\u010dujete Vi. Ako se odlu\u010dite da Va\u0161e podatke prodavatelju ne\u0107ete posredovati, tada ne\u0107ete imati potpuni pristup do odre\u0111enih mjesta, tj. funkcija na internetskoj stranici i ne\u0107ete mo\u0107i izvr\u0161iti registraciju na stranicu KUPONI.hr niti izvr\u0161iti kupovinu.<\/p>\n\n\n\n<p>Ako ste se pretplatili na primanje promotivnih poruku, i predomislite se, uvijek se mo\u017eete odjaviti putem mail Info@immobilienbetreuung-krk.com<\/p>\n\n\n\n<h2 class=\"wp-block-heading\">Automatsko bilje\u017eenje informacija (neosobni podaci)<\/h2>\n\n\n\n<p>Kada pristupate internetskoj stranici, op\u0107eniti se, neosobni podaci (broj posjete, prosje\u010dno vrijeme posjete stranici, posje\u0107ene stranice) automatski bilje\u017ee (ne kao dio prijave). Te podatke ne mo\u017eemo povezati s va\u0161im osobnim podacima i oni su u potpunosti neosobni. Te informacije koristimo za mjerenje privla\u010dnosti na\u0161e internetske stranice i pobolj\u0161avanje sadr\u017eaja i korisnosti same stranice. Va\u0161e podatke ne koristimo u druge svrhe i ne posredujemo tre\u0107im osobama.<\/p>\n\n\n\n<h2 class=\"wp-block-heading\">Kola\u010di\u0107i<\/h2>\n\n\n\n<p>Kola\u010di\u0107i su nevidljivi dokumenti koji su trenutno sa\u010duvani na va\u0161em tvrdom disku i omogu\u0107avaju prodavatelju prepoznavanje va\u0161eg ra\u010dunala, kada sljede\u0107i put posjetite internetsku stranicu. Prodavatelj koristi kola\u010di\u0107e samo za skupljanje informacija koje se koriste za upotrebu internetske stranice i za optimizaciju svojih internetskih aktivnosti ogla\u0161avanja.<\/p>\n\n\n\n<p>Kola\u010di\u0107e mo\u017eemo podijeliti u dvije skupine: osnovni (bez navedenih kola\u010di\u0107a nije mogu\u0107e koristiti stranicu KUPONI.hr jer registracija nije mogu\u0107a kao niti dodavanje proizvoda u ko\u0161aricu) i promotivni (kola\u010di\u0107i koji prate kori\u0161tenje web stranice u svrhu pobolj\u0161avanja kvalitete usluge).<\/p>\n\n\n\n<p>Postavke kola\u010di\u0107a mo\u017eete definirati u svom internet pregledniku, uz napomenu da isklju\u010divanjem osnovnih kola\u010di\u0107a stranica KUPONI.hr ne\u0107e raditi, ne\u0107ete mo\u0107i pretra\u017eivati ponudu, dodavati proizvode u ko\u0161aricu, registrirati se ili izvr\u0161iti kupovinu.Promotivne kola\u010di\u0107e u svakom trenutku mo\u017eete ugasiti u svom internet pregledniku.<\/p>\n\n\n\n<p>Vi\u0161e o kola\u010di\u0107ima na linku: Politika kola\u010di\u0107a<\/p>\n\n\n\n<h2 class=\"wp-block-heading\">Sigurnost<\/h2>\n\n\n\n<p>Prodavatelj poduzima sve potrebne mjere kako bi osigurao sigurnost va\u0161ih osobnih podataka. Va\u0161i podaci su cijelo vrijeme za\u0161ti\u0107eni od gubitka, uni\u0161tenja, krivotvorenja, manipuliranja i neautoriziranih pristupa ili neautoriziranih otkrivanja.<\/p>\n\n\n\n<h2 class=\"wp-block-heading\">Promjene<\/h2>\n\n\n\n<p>Ova politika privatnosti mo\u017ee se promijeniti ili nadopuniti u bilo koje vrijeme bez prethodnog upozorenja ili obavijest Upotrebom internetskih stranica prodavatelja nakon promjene ili nadopune, korisnik potvr\u0111uje da se sla\u017ee s promjenama i nadopunama.<\/p>","protected":false},"excerpt":{"rendered":"<p>Politika o privatnosti korisnika Namjena ove politike privatnosti je upoznati kupce, potencijalne kupce ili posjetitelje internetskih stranica https:\/\/immobilienbetreuung-krk.com s namjenama i temeljem obrade osobnih podataka od strane Kuponi d.o.o. Bukovac 93, Zagreb 10000,(u nastavku: Immobilienbetreuung Krk). U Immobilienbetreuung Krk-u cijenimo [&hellip;]<\/p>","protected":false},"author":1,"featured_media":0,"parent":0,"menu_order":0,"comment_status":"closed","ping_status":"open","template":"","meta":{"footnotes":""},"class_list":["post-3","page","type-page","status-publish","hentry"],"_links":{"self":[{"href":"https:\/\/immobilienbetreuung-krk.com\/en\/wp-json\/wp\/v2\/pages\/3","targetHints":{"allow":["GET"]}}],"collection":[{"href":"https:\/\/immobilienbetreuung-krk.com\/en\/wp-json\/wp\/v2\/pages"}],"about":[{"href":"https:\/\/immobilienbetreuung-krk.com\/en\/wp-json\/wp\/v2\/types\/page"}],"author":[{"embeddable":true,"href":"https:\/\/immobilienbetreuung-krk.com\/en\/wp-json\/wp\/v2\/users\/1"}],"replies":[{"embeddable":true,"href":"https:\/\/immobilienbetreuung-krk.com\/en\/wp-json\/wp\/v2\/comments?post=3"}],"version-history":[{"count":1,"href":"https:\/\/immobilienbetreuung-krk.com\/en\/wp-json\/wp\/v2\/pages\/3\/revisions"}],"predecessor-version":[{"id":225,"href":"https:\/\/immobilienbetreuung-krk.com\/en\/wp-json\/wp\/v2\/pages\/3\/revisions\/225"}],"wp:attachment":[{"href":"https:\/\/immobilienbetreuung-krk.com\/en\/wp-json\/wp\/v2\/media?parent=3"}],"curies":[{"name":"wp","href":"https:\/\/api.w.org\/{rel}","templated":true}]}}