{"id":331,"date":"2021-10-13T22:18:13","date_gmt":"2021-10-13T20:18:13","guid":{"rendered":"https:\/\/immobilienbetreuung-krk.com\/?page_id=331"},"modified":"2024-11-25T17:46:30","modified_gmt":"2024-11-25T16:46:30","slug":"professionelle-reinigung","status":"publish","type":"page","link":"https:\/\/immobilienbetreuung-krk.com\/en\/professionelle-reinigung\/","title":{"rendered":"Professional Cleaning"},"content":{"rendered":"<p><strong>Professional cleaning for your property \u2013 worry-free all year round<\/strong><\/p>\n<p>Our trained specialist staff ensures immaculate cleaning of your apartments, villas, houses or business premises. With the highest standards and precise checklists, we ensure thorough and efficient care of your property. Our <strong>Full service offer<\/strong> offers you professional cleaning all year round, tailored precisely to the needs of your property.<\/p>\n<p><strong>Our services at a glance:<\/strong><\/p>\n<ul>\n<li><span style=\"text-decoration: underline;\"><strong>Comprehensive cleaning:<\/strong><\/span> including cleaning and operating materials tested by us, for an all-round clean temporary home for your guests.<\/li>\n<li><span style=\"text-decoration: underline;\"><strong>Personal contact person on site<\/strong>:<\/span> A direct contact who regularly inspects your property and, if requested, provides information about its condition via video report.<\/li>\n<li><span style=\"text-decoration: underline;\"><strong>Reliability and transparency<\/strong>:<\/span> In 2024 we have once again managed to ensure that every cleaning is done on time or even to welcome guests to the holiday property before the official check-in time.\u00a0<\/li>\n<li><span style=\"text-decoration: underline;\"><strong>Well-being of our employees<\/strong>:<\/span> We ensure our team lives in private, uncrowded worker accommodation to ensure the best possible quality of work. Our employees are all paid fairly. All of our employees are officially registered, we have <strong>no undeclared work<\/strong>. We adhere to legal regulations regarding the working hours of our employees.\u00a0<\/li>\n<li><span style=\"text-decoration: underline;\"><strong>Seasonal basic cleaning<\/strong>:<\/span> Before the first check-in, we carry out a basic cleaning in each property.<\/li>\n<li><span style=\"text-decoration: underline;\"><strong>Insurance coverage<\/strong>:<\/span> We are of course insured against liability in the event of damage during cleaning.<\/li>\n<\/ul>\n<p>Rely on our professional cleaning service and enjoy worry-free property maintenance without any complaints! The guest reviews speak for themselves, which you can read here: <a href=\"https:\/\/www.immobilien-krk.eu\/reviews\/list\" target=\"_blank\" rel=\"noopener\">TO THE REVIEWS<\/a><\/p>\n\n\n<div class=\"wp-block-cover alignfull is-light has-parallax wp-duotone-purple-green\" style=\"margin-top:0;padding-top:4vw;padding-right:4vw;padding-bottom:4vw;padding-left:4vw;min-height:50vh;aspect-ratio:unset;\"><span aria-hidden=\"true\" class=\"wp-block-cover__background has-vivid-green-cyan-background-color has-background-dim-30 has-background-dim\"><\/span><div role=\"img\" aria-label=\"Immobilienbetreuung Krk Sauber\" class=\"wp-block-cover__image-background wp-image-1494 has-parallax\" style=\"background-position:50% 50%;background-image:url(https:\/\/immobilienbetreuung-krk.com\/wp-content\/uploads\/2024\/10\/Pool-Clean.jpg)\"><\/div><div class=\"wp-block-cover__inner-container is-layout-flow wp-block-cover-is-layout-flow\">\n<div class=\"wp-block-group\"><div class=\"wp-block-group__inner-container is-layout-flow wp-block-group-is-layout-flow\">\n<p class=\"has-text-align-center has-text-color\" style=\"color:#ffb23d;font-size:30px;font-style:normal;font-weight:700;letter-spacing:-2px;line-height:0.9;text-transform:uppercase\">REQUEST A NON-BINDING QUOTE<\/p>\n\n\n\n<div style=\"height:48px\" aria-hidden=\"true\" class=\"wp-block-spacer\"><\/div>\n\n\n\n<div class=\"wp-block-buttons is-content-justification-center is-layout-flex wp-container-core-buttons-is-layout-16018d1d wp-block-buttons-is-layout-flex\">\n<div class=\"wp-block-button has-custom-font-size has-small-font-size\" style=\"font-style:normal;font-weight:700;letter-spacing:1px;text-transform:uppercase\"><a class=\"wp-block-button__link has-text-color has-background wp-element-button\" href=\"https:\/\/immobilienbetreuung-krk.com\/en\/kontakt\/\" style=\"color:#2c3066;background-color:#ffb23d;padding-top:32px;padding-right:48px;padding-bottom:32px;padding-left:48px\">Contact us<\/a><\/div>\n<\/div>\n<\/div><\/div>\n<\/div><\/div>\n\n\n\n<p class=\"has-text-align-center\"><\/p>\n\n\n\n<p><\/p>","protected":false},"excerpt":{"rendered":"<p>Professionelle Reinigung f\u00fcr Ihre Immobilie \u2013 Sorglos durch das ganze Jahr Unser geschultes Fachpersonal sorgt f\u00fcr eine makellose Reinigung Ihrer Apartments, Villen, H\u00e4user oder Gesch\u00e4ftsr\u00e4ume. Mit h\u00f6chsten Standards und pr\u00e4zisen Checklisten gew\u00e4hrleisten wir eine gr\u00fcndliche und effiziente Pflege Ihrer Immobilie. [&hellip;]<\/p>","protected":false},"author":2,"featured_media":1493,"parent":0,"menu_order":0,"comment_status":"closed","ping_status":"closed","template":"page_f.php","meta":{"footnotes":""},"class_list":["post-331","page","type-page","status-publish","has-post-thumbnail","hentry"],"_links":{"self":[{"href":"https:\/\/immobilienbetreuung-krk.com\/en\/wp-json\/wp\/v2\/pages\/331","targetHints":{"allow":["GET"]}}],"collection":[{"href":"https:\/\/immobilienbetreuung-krk.com\/en\/wp-json\/wp\/v2\/pages"}],"about":[{"href":"https:\/\/immobilienbetreuung-krk.com\/en\/wp-json\/wp\/v2\/types\/page"}],"author":[{"embeddable":true,"href":"https:\/\/immobilienbetreuung-krk.com\/en\/wp-json\/wp\/v2\/users\/2"}],"replies":[{"embeddable":true,"href":"https:\/\/immobilienbetreuung-krk.com\/en\/wp-json\/wp\/v2\/comments?post=331"}],"version-history":[{"count":63,"href":"https:\/\/immobilienbetreuung-krk.com\/en\/wp-json\/wp\/v2\/pages\/331\/revisions"}],"predecessor-version":[{"id":2103,"href":"https:\/\/immobilienbetreuung-krk.com\/en\/wp-json\/wp\/v2\/pages\/331\/revisions\/2103"}],"wp:featuredmedia":[{"embeddable":true,"href":"https:\/\/immobilienbetreuung-krk.com\/en\/wp-json\/wp\/v2\/media\/1493"}],"wp:attachment":[{"href":"https:\/\/immobilienbetreuung-krk.com\/en\/wp-json\/wp\/v2\/media?parent=331"}],"curies":[{"name":"wp","href":"https:\/\/api.w.org\/{rel}","templated":true}]}}