{"id":402,"date":"2021-10-15T10:27:57","date_gmt":"2021-10-15T08:27:57","guid":{"rendered":"https:\/\/immobilienbetreuung-krk.com\/?page_id=402"},"modified":"2025-02-10T13:12:07","modified_gmt":"2025-02-10T12:12:07","slug":"rund-ums-haus","status":"publish","type":"page","link":"https:\/\/immobilienbetreuung-krk.com\/en\/rund-ums-haus\/","title":{"rendered":"Rund ums Haus"},"content":{"rendered":"<h3 style=\"text-align: left;\"><b>Garden maintenance: A beautiful property also needs a beautiful garden. To enjoy your vacation to the fullest, there is nothing better than having a well-kept garden in your summer residence. Whether for you or your guests, we take care of it all year round.<\/b><\/h3>\n<p style=\"text-align: left;\">&#8211; Rasen m\u00e4hen mit eigenem M\u00e4her, inkl. Benzin\u00a0<br \/>&#8211; Terrasse, Fassade, und B\u00f6den 1x J\u00e4hrlich mit Hochdruck reinigen\u00a0<br \/>&#8211; Terrassen\/Gartenm\u00f6bel abwischen\u00a0<br \/>&#8211; Zusammenkehren oder Saugen des Au\u00dfenbereichs\u00a0<br \/>&#8211; Unkraut zupfen rund ums Haus und am Parkplatz\u00a0<br \/>&#8211; M\u00fclleimer &amp; Aschenbecher entleeren\u00a0<br \/>&#8211; Grillreinigung\u00a0<br \/>&#8211; Bew\u00e4sserungsanlage checken, Ein- und Ausschalten\u00a0<\/p>\n<p>\u00a0<\/p>\n\n\n<hr class=\"wp-block-separator has-alpha-channel-opacity\"\/>\n\n\n\n<h2 class=\"wp-block-heading\">Welche Dienstleistung ben\u00f6tigen Sie Rund ums Haus?<\/h2>\n\n\n\n<div class=\"wp-block-contact-form-7-contact-form-selector\">\n<div class=\"wpcf7 no-js\" id=\"wpcf7-f690-o1\" lang=\"de-DE\" dir=\"ltr\" data-wpcf7-id=\"690\">\n<div class=\"screen-reader-response\"><p role=\"status\" aria-live=\"polite\" aria-atomic=\"true\"><\/p> <ul><\/ul><\/div>\n<form action=\"\/wp-json\/wp\/v2\/pages\/402\" method=\"post\" class=\"wpcf7-form init\" aria-label=\"Contact form\" novalidate=\"novalidate\" data-status=\"init\" data-trp-original-action=\"\/en\/wp-json\/wp\/v2\/pages\/402#wpcf7-f690-o1\">\n<fieldset class=\"hidden-fields-container\"><input type=\"hidden\" name=\"_wpcf7\" value=\"690\" \/><input type=\"hidden\" name=\"_wpcf7_version\" value=\"6.1.5\" \/><input type=\"hidden\" name=\"_wpcf7_locale\" value=\"de_DE\" \/><input type=\"hidden\" name=\"_wpcf7_unit_tag\" value=\"wpcf7-f690-o1\" \/><input type=\"hidden\" name=\"_wpcf7_container_post\" value=\"0\" \/><input type=\"hidden\" name=\"_wpcf7_posted_data_hash\" value=\"\" \/>\n<\/fieldset>\n<p><span class=\"wpcf7-form-control-wrap\" data-name=\"Immobilie\"><span class=\"wpcf7-form-control wpcf7-checkbox\"><span class=\"wpcf7-list-item first\"><label><input type=\"checkbox\" name=\"Immobilie[]\" value=\"Rasen m\u00e4hen\" \/><span class=\"wpcf7-list-item-label\">Rasen m\u00e4hen<\/span><\/label><\/span><span class=\"wpcf7-list-item\"><label><input type=\"checkbox\" name=\"Immobilie[]\" value=\"Au\u00dfenreinigung\" \/><span class=\"wpcf7-list-item-label\">Au\u00dfenreinigung<\/span><\/label><\/span><span class=\"wpcf7-list-item\"><label><input type=\"checkbox\" name=\"Immobilie[]\" value=\"Unkrauftbek\u00e4mpfung\" \/><span class=\"wpcf7-list-item-label\">Unkrauftbek\u00e4mpfung<\/span><\/label><\/span><span class=\"wpcf7-list-item\"><label><input type=\"checkbox\" name=\"Immobilie[]\" value=\"Sonderreinigung\" \/><span class=\"wpcf7-list-item-label\">Sonderreinigung<\/span><\/label><\/span><span class=\"wpcf7-list-item\"><label><input type=\"checkbox\" name=\"Immobilie[]\" value=\"Garten Schnitt\" \/><span class=\"wpcf7-list-item-label\">Garten Schnitt<\/span><\/label><\/span><span class=\"wpcf7-list-item\"><label><input type=\"checkbox\" name=\"Immobilie[]\" value=\"M\u00fcllentsorgung\" \/><span class=\"wpcf7-list-item-label\">M\u00fcllentsorgung<\/span><\/label><\/span><span class=\"wpcf7-list-item last\"><label><input type=\"checkbox\" name=\"Immobilie[]\" value=\"Sonstige arbeiten\" \/><span class=\"wpcf7-list-item-label\">Sonstige arbeiten<\/span><\/label><\/span><\/span><\/span>\n<\/p>\n<p>Wie viele Quadratmeter umfasst die Arbeit?<br \/>\n<span class=\"wpcf7-form-control-wrap\" data-name=\"Schlafzimmeranzahl\"><select class=\"wpcf7-form-control wpcf7-select\" aria-invalid=\"false\" name=\"Schlafzimmeranzahl\"><option value=\"0-50 m2\">0-50 m2<\/option><option value=\"50-100 m2\">50-100 m2<\/option><option value=\"100-500 m2\">100-500 m2<\/option><option value=\"500-1000 m2\">500-1000 m2<\/option><\/select><\/span>\n<\/p>\n<p>Wie h\u00e4ufig soll die Arbeit erledigt werden?<br \/>\n<span class=\"wpcf7-form-control-wrap\" data-name=\"WievieleBderhatihreImmobilie\"><select class=\"wpcf7-form-control wpcf7-select\" aria-invalid=\"false\" name=\"WievieleBderhatihreImmobilie\"><option value=\"Einmalig\">Einmalig<\/option><option value=\"Regelm\u00e4\u00dfig\">Regelm\u00e4\u00dfig<\/option><option value=\"Unregelm\u00e4\u00dfig\">Unregelm\u00e4\u00dfig<\/option><\/select><\/span>\n<\/p>\n<p>Waren wir schon mal f\u00fcr Sie t\u00e4tig?<br \/>\n<span class=\"wpcf7-form-control-wrap\" data-name=\"WievieleBderhatihreImmobilie\"><select class=\"wpcf7-form-control wpcf7-select\" aria-invalid=\"false\" name=\"WievieleBderhatihreImmobilie\"><option value=\"-\">-<\/option><option value=\"Ja\">Ja<\/option><option value=\"Nein\">Nein<\/option><\/select><\/span>\n<\/p>\n<p>Ist ein Transport von M\u00fcll oder Schnittgut notwendig?<br \/>\n<span class=\"wpcf7-form-control-wrap\" data-name=\"Wsche\"><span class=\"wpcf7-form-control wpcf7-checkbox\"><span class=\"wpcf7-list-item first\"><label><input type=\"checkbox\" name=\"Wsche[]\" value=\"Ja\" \/><span class=\"wpcf7-list-item-label\">Ja<\/span><\/label><\/span><span class=\"wpcf7-list-item last\"><label><input type=\"checkbox\" name=\"Wsche[]\" value=\"Nein\" \/><span class=\"wpcf7-list-item-label\">Nein<\/span><\/label><\/span><\/span><\/span>\n<\/p>\n<p><label> Ihr Name<br \/>\n<span class=\"wpcf7-form-control-wrap\" data-name=\"your-name\"><input size=\"40\" maxlength=\"400\" class=\"wpcf7-form-control wpcf7-text wpcf7-validates-as-required\" aria-required=\"true\" aria-invalid=\"false\" value=\"\" type=\"text\" name=\"your-name\" \/><\/span> <\/label>\n<\/p>\n<p><label> Ihre E-Mail-Adresse<br \/>\n<span class=\"wpcf7-form-control-wrap\" data-name=\"your-email\"><input size=\"40\" maxlength=\"400\" class=\"wpcf7-form-control wpcf7-email wpcf7-validates-as-required wpcf7-text wpcf7-validates-as-email\" aria-required=\"true\" aria-invalid=\"false\" value=\"\" type=\"email\" name=\"your-email\" \/><\/span> <\/label>\n<\/p>\n<p><label> Ihre Adresse oder Google maps Standort?<br \/>\n<span class=\"wpcf7-form-control-wrap\" data-name=\"your-subject\"><input size=\"40\" maxlength=\"400\" class=\"wpcf7-form-control wpcf7-text wpcf7-validates-as-required\" aria-required=\"true\" aria-invalid=\"false\" value=\"\" type=\"text\" name=\"your-subject\" \/><\/span> <\/label>\n<\/p>\n<p><label> Ihre Nachricht (optional)<br \/>\n<span class=\"wpcf7-form-control-wrap\" data-name=\"your-message\"><textarea cols=\"40\" rows=\"10\" maxlength=\"2000\" class=\"wpcf7-form-control wpcf7-textarea\" aria-invalid=\"false\" name=\"your-message\"><\/textarea><\/span> <\/label>\n<\/p>\n<p><input class=\"wpcf7-form-control wpcf7-submit has-spinner\" type=\"submit\" value=\"Send\" \/>\n<\/p><div class=\"wpcf7-response-output\" aria-hidden=\"true\"><\/div>\n<input type=\"hidden\" name=\"trp-form-language\" value=\"en\"\/><\/form>\n<\/div>\n<\/div>","protected":false},"excerpt":{"rendered":"<p>Gartenpflege: Zu einer sch\u00f6nen Immobilie geh\u00f6rt auch ein sch\u00f6ner Garten. Um den Urlaub in vollen Z\u00fcgen genie\u00dfen zu k\u00f6nnen, gibt es nichts Sch\u00f6neres, als einen gepflegten Garten in seiner Sommerresidenz vorzufinden. Ob f\u00fcr Sie oder f\u00fcr Ihre G\u00e4ste, wir k\u00fcmmern [&hellip;]<\/p>","protected":false},"author":2,"featured_media":2079,"parent":0,"menu_order":0,"comment_status":"closed","ping_status":"closed","template":"","meta":{"footnotes":""},"class_list":["post-402","page","type-page","status-publish","has-post-thumbnail","hentry"],"_links":{"self":[{"href":"https:\/\/immobilienbetreuung-krk.com\/en\/wp-json\/wp\/v2\/pages\/402","targetHints":{"allow":["GET"]}}],"collection":[{"href":"https:\/\/immobilienbetreuung-krk.com\/en\/wp-json\/wp\/v2\/pages"}],"about":[{"href":"https:\/\/immobilienbetreuung-krk.com\/en\/wp-json\/wp\/v2\/types\/page"}],"author":[{"embeddable":true,"href":"https:\/\/immobilienbetreuung-krk.com\/en\/wp-json\/wp\/v2\/users\/2"}],"replies":[{"embeddable":true,"href":"https:\/\/immobilienbetreuung-krk.com\/en\/wp-json\/wp\/v2\/comments?post=402"}],"version-history":[{"count":33,"href":"https:\/\/immobilienbetreuung-krk.com\/en\/wp-json\/wp\/v2\/pages\/402\/revisions"}],"predecessor-version":[{"id":2225,"href":"https:\/\/immobilienbetreuung-krk.com\/en\/wp-json\/wp\/v2\/pages\/402\/revisions\/2225"}],"wp:featuredmedia":[{"embeddable":true,"href":"https:\/\/immobilienbetreuung-krk.com\/en\/wp-json\/wp\/v2\/media\/2079"}],"wp:attachment":[{"href":"https:\/\/immobilienbetreuung-krk.com\/en\/wp-json\/wp\/v2\/media?parent=402"}],"curies":[{"name":"wp","href":"https:\/\/api.w.org\/{rel}","templated":true}]}}