{"id":1301,"date":"2022-04-09T23:33:17","date_gmt":"2022-04-09T21:33:17","guid":{"rendered":"https:\/\/immobilienbetreuung-krk.com\/?page_id=1301"},"modified":"2024-12-03T18:15:07","modified_gmt":"2024-12-03T17:15:07","slug":"waescherei","status":"publish","type":"page","link":"https:\/\/immobilienbetreuung-krk.com\/hr\/waescherei\/","title":{"rendered":"Unsere W\u00e4scherei"},"content":{"rendered":"<p class=\"has-black-color has-text-color has-link-color has-small-font-size wp-elements-54d84b0c1ea33f94ba808ec9011aba96\">Dobrodo\u0161li u na\u0161u profesionalnu praonicu rublja \u2013 oli\u010denje kvalitete i usluge na \u010darobnom otoku Krku! Od na\u0161eg sve\u010danog otvorenja 1. lipnja 2022., ponosni smo \u0161to vam mo\u017eemo ponuditi prvoklasnu, sveobuhvatnu uslugu koja ispunjava va\u0161e potrebe praonice rublja s predano\u0161\u0107u i profesionalno\u0161\u0107u. Zahvaljuju\u0107i stalnim ulaganjima, sada smo u mogu\u0107nosti isporu\u010diti do 800 kg posteljine i ru\u010dnika dnevno. <\/p>\n\n\n\n<h2 class=\"wp-block-heading\"><strong>Na\u0161a sveobuhvatna usluga uklju\u010duje:<\/strong><\/h2>\n\n\n\n<ol class=\"wp-block-list\">\n<li><strong>Najam posteljine:<\/strong><br>Do\u017eivite maksimalnu udobnost uz na\u0161u posteljinu za iznajmljivanje. Pokupimo ih na vrijeme, operemo, izgla\u010damo i vratimo Vam - bilo gdje na otoku Krku.<\/li>\n\n\n\n<li><strong>Svje\u017eina i kvaliteta:<\/strong><br>Na\u0161e rublje miri\u0161e svje\u017ee oprano dugo nakon isporuke. Ne ostavlja dla\u010dice, pa\u017eljivo je izgla\u010dan i isporu\u010duje se u \u010dvrstim plasti\u010dnim kutijama - za besprijekornu prezentaciju i jednostavno rukovanje.<\/li>\n\n\n\n<li><strong>Sezonski ugovori:<\/strong><br>Iskoristite povoljnije uvjete uz na\u0161 ugovor o upravljanju nekretninama. Ako ste zainteresirani, pi\u0161ite nam odmah - rado \u0107emo vam dati ponudu koja vam odgovara.<\/li>\n\n\n\n<li><strong>Pa\u017enja \u2013 samo na\u0161a posteljina za iznajmljivanje:<\/strong><br>Napominjemo da na \u010di\u0161\u0107enje primamo samo na\u0161u iznajmljenu posteljinu. To zna\u010di da uvijek jam\u010dimo najvi\u0161u kvalitetu, svje\u017einu i to\u010dnost.<\/li>\n<\/ol>\n\n\n\n<h2 class=\"wp-block-heading\"><strong><strong><strong>Najam posteljine:<\/strong><\/strong><\/strong><\/h2>\n\n\n\n<p>Do\u017eivite luksuz hotela s 5 zvjezdica u svom posjedu! S na\u0161im najmom vrhunske posteljine nudimo vam najvi\u0161u kvalitetu i udobnost koju mo\u017eete na\u0107i u najboljim hotelima na svijetu. Na\u0161a posteljina redovito se profesionalno \u010disti i odr\u017eava kako bi se va\u0161i gosti uvijek osje\u0107ali kao da spavaju u svje\u017eem, luksuznom tekstilu. U\u0161tedite vrijeme i resurse \u2013 isporu\u010dujemo izravno vama i jam\u010dimo jedno <strong>ZA UPRAVLJANJE NEKRETNINAMA<\/strong> Usluga koja ispunjava va\u0161e najvi\u0161e zahtjeve. Neka Va\u0161i gosti do\u017eive najbolje uz na\u0161u ekskluzivnu posteljinu za hotele, visokokvalitetne apartmane i vile na otoku Krku.<\/p>\n\n\n\n<ul class=\"wp-block-list\">\n<li>Jastu\u010dnice u 3 formata<\/li>\n\n\n\n<li>Navlake za deke<\/li>\n\n\n\n<li>Veliki ru\u010dnici<\/li>\n\n\n\n<li>Srednji ru\u010dnici<\/li>\n\n\n\n<li>Mali ru\u010dnici<\/li>\n\n\n\n<li>Navlake za poplune ili plahte<\/li>\n\n\n\n<li>Prostirka za tu\u0161iranje<\/li>\n\n\n\n<li>Za\u0161tita za madrac<\/li>\n\n\n\n<li>Kuhinjske krpe<\/li>\n<\/ul>\n\n\n\n<h2 class=\"wp-block-heading\"><strong><strong><strong><strong>Cijene najma:<\/strong><\/strong><\/strong><\/strong><\/h2>\n\n\n\n<figure class=\"wp-block-image size-full\"><a href=\"https:\/\/immobilienbetreuung-krk.com\/wp-content\/uploads\/2025\/01\/Bildschirmfoto-2025-01-14-um-00.53.55.png\"><img fetchpriority=\"high\" decoding=\"async\" width=\"2560\" height=\"1810\" src=\"https:\/\/immobilienbetreuung-krk.com\/wp-content\/uploads\/2025\/01\/Bildschirmfoto-2025-01-14-um-00.53.55.png\" alt=\"\" class=\"wp-image-1992\"\/><\/a><\/figure>\n\n\n\n<hr class=\"wp-block-separator has-alpha-channel-opacity\"\/>\n\n\n\n<h2 class=\"wp-block-heading\"><strong><strong>Cijene pranja rublja <\/strong><\/strong><\/h2>\n\n\n\n<figure class=\"wp-block-image size-full\"><a href=\"https:\/\/immobilienbetreuung-krk.com\/wp-content\/uploads\/2025\/01\/Bildschirmfoto-2025-01-14-um-00.54.14.png\"><img decoding=\"async\" width=\"2560\" height=\"1810\" src=\"https:\/\/immobilienbetreuung-krk.com\/wp-content\/uploads\/2025\/01\/Bildschirmfoto-2025-01-14-um-00.54.14.png\" alt=\"Preisliste W\u00e4scherei Insel Krk\" class=\"wp-image-2158\"\/><\/a><figcaption class=\"wp-element-caption\">Cjenik praonica rublja otok Krk<\/figcaption><\/figure>\n\n\n\n<hr class=\"wp-block-separator has-alpha-channel-opacity\"\/>\n\n\n\n<p>Povjerite se na\u0161oj profesionalnoj praonici za najvi\u0161e standarde \u010disto\u0107e, svje\u017eine i prezentacije. Pi\u0161ite nam kako bismo razgovarali o Va\u0161im potrebama praonice rublja \u2013 radujemo se \u0161to \u0107emo Vam pru\u017eiti najbolju uslugu na otoku Krku!<\/p>\n\n\n\n<div style=\"height:30px\" aria-hidden=\"true\" class=\"wp-block-spacer\"><\/div>\n\n\n\n<div class=\"wp-block-cover alignfull is-light has-parallax wp-duotone-purple-green\" style=\"margin-top:0;padding-top:4vw;padding-right:4vw;padding-bottom:4vw;padding-left:4vw;min-height:50vh;aspect-ratio:unset;\"><span aria-hidden=\"true\" class=\"wp-block-cover__background has-vivid-green-cyan-background-color has-background-dim-30 has-background-dim\"><\/span><div role=\"img\" aria-label=\"Immobilienbetreuung Krk Sauber\" class=\"wp-block-cover__image-background wp-image-1494 has-parallax\" style=\"background-position:50% 50%;background-image:url(https:\/\/immobilienbetreuung-krk.com\/wp-content\/uploads\/2024\/10\/Pool-Clean.jpg)\"><\/div><div class=\"wp-block-cover__inner-container is-layout-flow wp-block-cover-is-layout-flow\">\n<div class=\"wp-block-group\"><div class=\"wp-block-group__inner-container is-layout-flow wp-block-group-is-layout-flow\">\n<p class=\"has-text-align-center has-text-color\" style=\"color:#ffb23d;font-size:30px;font-style:normal;font-weight:700;letter-spacing:-2px;line-height:0.9;text-transform:uppercase\">ZATRA\u017dITE NEOBVEZUJU\u0106U PONUDU<\/p>\n\n\n\n<div style=\"height:48px\" aria-hidden=\"true\" class=\"wp-block-spacer\"><\/div>\n\n\n\n<div class=\"wp-block-buttons is-content-justification-center is-layout-flex wp-container-core-buttons-is-layout-16018d1d wp-block-buttons-is-layout-flex\">\n<div class=\"wp-block-button has-custom-font-size has-small-font-size\" style=\"font-style:normal;font-weight:700;letter-spacing:1px;text-transform:uppercase\"><a class=\"wp-block-button__link has-text-color has-background wp-element-button\" href=\"https:\/\/immobilienbetreuung-krk.com\/hr\/kontakt\/\" style=\"color:#2c3066;background-color:#ffb23d;padding-top:32px;padding-right:48px;padding-bottom:32px;padding-left:48px\">Kontaktirajte nas<\/a><\/div>\n<\/div>\n<\/div><\/div>\n<\/div><\/div>","protected":false},"excerpt":{"rendered":"<p>Willkommen in unserer Professionellen W\u00e4scherei \u2013 dem Inbegriff von Qualit\u00e4t und Service auf der bezaubernden Insel Krk! Seit unserer feierlichen Er\u00f6ffnung am 01.06.2022 sind wir stolz darauf, Ihnen einen erstklassigen Rundum-Service anzubieten, der Ihre W\u00e4schebed\u00fcrfnisse mit Hingabe und Professionalit\u00e4t erf\u00fcllt. [&hellip;]<\/p>","protected":false},"author":2,"featured_media":1439,"parent":0,"menu_order":0,"comment_status":"closed","ping_status":"closed","template":"page_f.php","meta":{"footnotes":""},"class_list":["post-1301","page","type-page","status-publish","has-post-thumbnail","hentry"],"_links":{"self":[{"href":"https:\/\/immobilienbetreuung-krk.com\/hr\/wp-json\/wp\/v2\/pages\/1301","targetHints":{"allow":["GET"]}}],"collection":[{"href":"https:\/\/immobilienbetreuung-krk.com\/hr\/wp-json\/wp\/v2\/pages"}],"about":[{"href":"https:\/\/immobilienbetreuung-krk.com\/hr\/wp-json\/wp\/v2\/types\/page"}],"author":[{"embeddable":true,"href":"https:\/\/immobilienbetreuung-krk.com\/hr\/wp-json\/wp\/v2\/users\/2"}],"replies":[{"embeddable":true,"href":"https:\/\/immobilienbetreuung-krk.com\/hr\/wp-json\/wp\/v2\/comments?post=1301"}],"version-history":[{"count":74,"href":"https:\/\/immobilienbetreuung-krk.com\/hr\/wp-json\/wp\/v2\/pages\/1301\/revisions"}],"predecessor-version":[{"id":2159,"href":"https:\/\/immobilienbetreuung-krk.com\/hr\/wp-json\/wp\/v2\/pages\/1301\/revisions\/2159"}],"wp:featuredmedia":[{"embeddable":true,"href":"https:\/\/immobilienbetreuung-krk.com\/hr\/wp-json\/wp\/v2\/media\/1439"}],"wp:attachment":[{"href":"https:\/\/immobilienbetreuung-krk.com\/hr\/wp-json\/wp\/v2\/media?parent=1301"}],"curies":[{"name":"wp","href":"https:\/\/api.w.org\/{rel}","templated":true}]}}