{"id":1547,"date":"2024-10-22T21:43:24","date_gmt":"2024-10-22T19:43:24","guid":{"rendered":"https:\/\/immobilienbetreuung-krk.com\/?page_id=1547"},"modified":"2026-03-29T13:41:21","modified_gmt":"2026-03-29T11:41:21","slug":"klima-techniker","status":"publish","type":"page","link":"https:\/\/immobilienbetreuung-krk.com\/hr\/klima-techniker\/","title":{"rendered":"Elektri\u010dar i tehni\u010dar za klimatizaciju"},"content":{"rendered":"<p><strong>Va\u0161a nekretnina u najboljim rukama \u2013 upravljanje nekretninama Krk<\/strong><\/p>\n\n\n\n<p>Povjerite se na\u0161oj stru\u010dnosti! S vi\u0161e od \u010detiri godine iskustva u upravljanju nekretninama na otoku Krku, pro\u0161irujemo ponudu kako bismo Vam ponudili jo\u0161 vi\u0161e prednosti. Na\u0161 tim sada uklju\u010duje i iskusnog elektri\u010dara, bazenskog tehni\u010dara i klimatizacijskog tehni\u010dara. \u0160to ovo zna\u010di za vas?<\/p>\n\n\n\n<p><strong>Va\u0161e prednosti<\/strong><\/p>\n\n\n\n<ol class=\"wp-block-list\">\n<li><strong>Kompletna usluga iz jednog izvora:<\/strong> Bilo da se radi o elektri\u010dnim instalacijama, odr\u017eavanju bazena ili servisu klima ure\u0111aja - mi se brinemo za sve kako bismo osigurali da va\u0161a nekretnina ostane u vrhunskom stanju.<\/li>\n\n\n\n<li><strong>Pove\u0107anje vrijednosti va\u0161e nekretnine:<\/strong> Redovito odr\u017eavanje i stru\u010dni popravci pove\u0107avaju vrijednost Va\u0161e nekretnine i osiguravaju zadovoljne goste.<\/li>\n\n\n\n<li><strong>Brza i pouzdana podr\u0161ka:<\/strong> Na\u0161i su stru\u010dnjaci lokalni i odmah dostupni kada je najva\u017enije.<\/li>\n<\/ol>\n\n\n\n<p>Odaberite Upravljanje nekretninama Krk \u2013 Va\u0161 partner za svestrano i bezbri\u017eno upravljanje nekretninama!<\/p>\n\n\n\n<div class=\"wp-block-cover alignfull is-light has-parallax\" style=\"margin-top:0;padding-top:4vw;padding-right:4vw;padding-bottom:4vw;padding-left:4vw;min-height:50vh;aspect-ratio:unset;\"><div role=\"img\" aria-label=\"Immobilienbetreuung Krk Sauber\" class=\"wp-block-cover__image-background wp-image-1494 has-parallax\" style=\"background-position:50% 50%;background-image:url(https:\/\/immobilienbetreuung-krk.com\/wp-content\/uploads\/2024\/10\/Pool-Clean.jpg)\"><\/div><span aria-hidden=\"true\" class=\"wp-block-cover__background has-background-dim-0 has-background-dim\"><\/span><div class=\"wp-block-cover__inner-container is-layout-flow wp-block-cover-is-layout-flow\">\n<div class=\"wp-block-group\"><div class=\"wp-block-group__inner-container is-layout-flow wp-block-group-is-layout-flow\">\n<p class=\"has-text-align-center has-black-color has-luminous-vivid-amber-background-color has-text-color has-background\" style=\"font-size:20px;font-style:normal;font-weight:700;line-height:0.9;text-transform:uppercase\">ZATRA\u017dITE NEOBVEZUJU\u0106U PONUDU<\/p>\n\n\n\n<div style=\"height:48px\" aria-hidden=\"true\" class=\"wp-block-spacer\"><\/div>\n\n\n\n<div class=\"wp-block-buttons is-content-justification-center is-layout-flex wp-container-core-buttons-is-layout-16018d1d wp-block-buttons-is-layout-flex\">\n<div class=\"wp-block-button is-style-outline is-style-outline--1\"><a class=\"wp-block-button__link has-black-color has-text-color has-small-font-size has-custom-font-size wp-element-button\" href=\"https:\/\/immobilienbetreuung-krk.com\/hr\/kontakt\/\" style=\"padding-top:32px;padding-right:48px;padding-bottom:32px;padding-left:48px;font-style:normal;font-weight:700;letter-spacing:1px;text-transform:uppercase\">Kontaktirajte nas<\/a><\/div>\n<\/div>\n<\/div><\/div>\n<\/div><\/div>","protected":false},"excerpt":{"rendered":"<p>Ihre Immobilie in besten H\u00e4nden \u2013 Immobilienbetreuung Krk Vertrauen Sie auf unsere Expertise! Mit \u00fcber vier Jahren Erfahrung in der Betreuung von Immobilien auf der Insel Krk erweitern wir unser Angebot, um Ihnen noch mehr Vorteile zu bieten. Unser Team [&hellip;]<\/p>","protected":false},"author":2,"featured_media":1506,"parent":0,"menu_order":0,"comment_status":"closed","ping_status":"closed","template":"","meta":{"footnotes":""},"class_list":["post-1547","page","type-page","status-publish","has-post-thumbnail","hentry"],"_links":{"self":[{"href":"https:\/\/immobilienbetreuung-krk.com\/hr\/wp-json\/wp\/v2\/pages\/1547","targetHints":{"allow":["GET"]}}],"collection":[{"href":"https:\/\/immobilienbetreuung-krk.com\/hr\/wp-json\/wp\/v2\/pages"}],"about":[{"href":"https:\/\/immobilienbetreuung-krk.com\/hr\/wp-json\/wp\/v2\/types\/page"}],"author":[{"embeddable":true,"href":"https:\/\/immobilienbetreuung-krk.com\/hr\/wp-json\/wp\/v2\/users\/2"}],"replies":[{"embeddable":true,"href":"https:\/\/immobilienbetreuung-krk.com\/hr\/wp-json\/wp\/v2\/comments?post=1547"}],"version-history":[{"count":10,"href":"https:\/\/immobilienbetreuung-krk.com\/hr\/wp-json\/wp\/v2\/pages\/1547\/revisions"}],"predecessor-version":[{"id":2358,"href":"https:\/\/immobilienbetreuung-krk.com\/hr\/wp-json\/wp\/v2\/pages\/1547\/revisions\/2358"}],"wp:featuredmedia":[{"embeddable":true,"href":"https:\/\/immobilienbetreuung-krk.com\/hr\/wp-json\/wp\/v2\/media\/1506"}],"wp:attachment":[{"href":"https:\/\/immobilienbetreuung-krk.com\/hr\/wp-json\/wp\/v2\/media?parent=1547"}],"curies":[{"name":"wp","href":"https:\/\/api.w.org\/{rel}","templated":true}]}}