{"id":232,"date":"2021-10-10T09:20:27","date_gmt":"2021-10-10T07:20:27","guid":{"rendered":"https:\/\/immobilienbetreuung-krk.com\/?page_id=232"},"modified":"2024-11-25T17:43:50","modified_gmt":"2024-11-25T16:43:50","slug":"pool-pflege","status":"publish","type":"page","link":"https:\/\/immobilienbetreuung-krk.com\/hr\/pool-pflege\/","title":{"rendered":"Odr\u017eavanje Bazena"},"content":{"rendered":"<p><b>\u017delite li profesionalno odr\u017eavanje bazena na otoku Krku i \u017eelite se osloniti na kristalno \u010distu vodu svog bazena cijelo ljeto? Onda ste do\u0161li na pravo mjesto.\u00a0<\/b><\/p>\n<ul>\n<li>Dvaput tjedno dolazimo na njihov bazen. 1x za kontrolu i provjeru kemikalija. 1x provjeriti tehnologiju i kemikalije. Samo tako mo\u017eemo jam\u010diti da \u0107e va\u0161 bazen biti kristalno \u010dist tijekom cijele sezone.<\/li>\n<li>Jednom godi\u0161nje uz nadoplatu nudimo osnovno \u010di\u0161\u0107enje va\u0161eg bazena.<\/li>\n<li>Jam\u010dimo (sve dok tehnologija ispravno radi) \u010dist bazen tijekom cijele sezone.<\/li>\n<li>Radimo s profesionalnim kemikalijama.<\/li>\n<li>U cijenu je uklju\u010den put i kemikalije.<\/li>\n<li>Mijenjamo pijesak, filter kuglice ili staklene kuglice u filteru prije ili poslije sezone uz nadoplatu.<\/li>\n<\/ul>\n<h2>Mislite i na zimu!<\/h2>\n<p><b>Jednako je va\u017eno odr\u017eavati bazen i zimi. Jednako je va\u017eno kao i ljeti. Zato je va\u017eno pripremiti bazen za zimu nakon svake sezone. Nitko ne \u017eeli da bazen ne bude gotov prije sljede\u0107e sezone. To ko\u0161ta nepotrebno vrijeme i novac.\u00a0<\/b><\/p>\n<p><b>Trebate pokriva\u010d za bazen na otoku Krku? Zatim pogledajte\"<\/b><a href=\"https:\/\/immobilienbetreuung-krk.com\/hr\/poolabdeckungen-auf-krk\/\"><b>ovdje\"<\/b><\/a><b> nakon.<\/b><\/p>\n\n\n<div class=\"wp-block-cover alignfull is-light has-parallax wp-duotone-purple-green\" style=\"margin-top:0;padding-top:4vw;padding-right:4vw;padding-bottom:4vw;padding-left:4vw;min-height:50vh;aspect-ratio:unset;\"><span aria-hidden=\"true\" class=\"wp-block-cover__background has-vivid-green-cyan-background-color has-background-dim-30 has-background-dim\"><\/span><div role=\"img\" aria-label=\"Immobilienbetreuung Krk Sauber\" class=\"wp-block-cover__image-background wp-image-1494 has-parallax\" style=\"background-position:50% 50%;background-image:url(https:\/\/immobilienbetreuung-krk.com\/wp-content\/uploads\/2024\/10\/Pool-Clean.jpg)\"><\/div><div class=\"wp-block-cover__inner-container is-layout-flow wp-block-cover-is-layout-flow\">\n<div class=\"wp-block-group\"><div class=\"wp-block-group__inner-container is-layout-flow wp-block-group-is-layout-flow\">\n<p class=\"has-text-align-center has-text-color\" style=\"color:#ffb23d;font-size:30px;font-style:normal;font-weight:700;letter-spacing:-2px;line-height:0.9;text-transform:uppercase\">ZATRA\u017dITE NEOBVEZUJU\u0106U PONUDU<\/p>\n\n\n\n<div style=\"height:48px\" aria-hidden=\"true\" class=\"wp-block-spacer\"><\/div>\n\n\n\n<div class=\"wp-block-buttons is-content-justification-center is-layout-flex wp-container-core-buttons-is-layout-16018d1d wp-block-buttons-is-layout-flex\">\n<div class=\"wp-block-button has-custom-font-size has-small-font-size\" style=\"font-style:normal;font-weight:700;letter-spacing:1px;text-transform:uppercase\"><a class=\"wp-block-button__link has-text-color has-background wp-element-button\" href=\"https:\/\/immobilienbetreuung-krk.com\/hr\/kontakt\/\" style=\"color:#2c3066;background-color:#ffb23d;padding-top:32px;padding-right:48px;padding-bottom:32px;padding-left:48px\">Kontaktirajte nas<\/a><\/div>\n<\/div>\n<\/div><\/div>\n<\/div><\/div>","protected":false},"excerpt":{"rendered":"<p>Sie w\u00fcnschen sich eine professionelle Poolpflege auf der Insel Krk und m\u00f6chten sich darauf verlassen k\u00f6nnen, dass Ihr Pool den ganzen Sommer glasklares Wasser hat? Dann sind Sie bei uns an der richtigen Adresse.\u00a0 Wir kommen 2x die Woche zu [&hellip;]<\/p>","protected":false},"author":2,"featured_media":1494,"parent":0,"menu_order":0,"comment_status":"closed","ping_status":"closed","template":"","meta":{"footnotes":""},"class_list":["post-232","page","type-page","status-publish","has-post-thumbnail","hentry"],"_links":{"self":[{"href":"https:\/\/immobilienbetreuung-krk.com\/hr\/wp-json\/wp\/v2\/pages\/232","targetHints":{"allow":["GET"]}}],"collection":[{"href":"https:\/\/immobilienbetreuung-krk.com\/hr\/wp-json\/wp\/v2\/pages"}],"about":[{"href":"https:\/\/immobilienbetreuung-krk.com\/hr\/wp-json\/wp\/v2\/types\/page"}],"author":[{"embeddable":true,"href":"https:\/\/immobilienbetreuung-krk.com\/hr\/wp-json\/wp\/v2\/users\/2"}],"replies":[{"embeddable":true,"href":"https:\/\/immobilienbetreuung-krk.com\/hr\/wp-json\/wp\/v2\/comments?post=232"}],"version-history":[{"count":48,"href":"https:\/\/immobilienbetreuung-krk.com\/hr\/wp-json\/wp\/v2\/pages\/232\/revisions"}],"predecessor-version":[{"id":2102,"href":"https:\/\/immobilienbetreuung-krk.com\/hr\/wp-json\/wp\/v2\/pages\/232\/revisions\/2102"}],"wp:featuredmedia":[{"embeddable":true,"href":"https:\/\/immobilienbetreuung-krk.com\/hr\/wp-json\/wp\/v2\/media\/1494"}],"wp:attachment":[{"href":"https:\/\/immobilienbetreuung-krk.com\/hr\/wp-json\/wp\/v2\/media?parent=232"}],"curies":[{"name":"wp","href":"https:\/\/api.w.org\/{rel}","templated":true}]}}