{"id":338,"date":"2021-10-13T22:53:08","date_gmt":"2021-10-13T20:53:08","guid":{"rendered":"https:\/\/immobilienbetreuung-krk.com\/?page_id=338"},"modified":"2025-01-07T21:17:36","modified_gmt":"2025-01-07T20:17:36","slug":"gaesteempfang-check-in","status":"publish","type":"page","link":"https:\/\/immobilienbetreuung-krk.com\/hr\/gaesteempfang-check-in\/","title":{"rendered":"G\u00e4steempfang Check-In"},"content":{"rendered":"<hr class=\"wp-block-separator has-alpha-channel-opacity\"\/>\n\n\n\n<h3 class=\"wp-block-heading\">1. <strong>Samostalna prijava<\/strong><\/h3>\n\n\n\n<p>Samostalna prijava omogu\u0107uje gostima da se prijave u objekt bez osobnog pozdrava tima doma\u0107ina. To se obi\u010dno radi putem na\u0161eg testiranog sustava digitalnog pristupa.<\/p>\n\n\n\n<p class=\"has-large-font-size\"><strong>Prednosti:<\/strong><\/p>\n\n\n\n<ul class=\"wp-block-list\">\n<li><strong>Fleksibilnost<\/strong>: Gosti se mogu prijaviti bez obzira na vrijeme dolaska, \u0161to je osobito korisno za kasno ili vrlo promjenjivo vrijeme dolaska.<\/li>\n\n\n\n<li><strong>U\u0161teda Vremena<\/strong>: Hosting tim \u0161tedi vrijeme jer nije potrebna osobna prisutnost. Idealno za mjesta s puno rezervacija ili za doma\u0107ine koji ne \u017eive u blizini.<\/li>\n\n\n\n<li><strong>Diskrecija<\/strong>: Neki gosti preferiraju samostalnu prijavu jer to zna\u010di da se osje\u0107aju manje promatrano i mogu oti\u0107i ravno na odmor.<\/li>\n\n\n\n<li><strong>Sigurnost<\/strong>: Sustavi digitalnog pristupa mogu ograni\u010diti pristup na odre\u0111ena vremena i automatski ih mijenjati, pru\u017eaju\u0107i dodatnu razinu sigurnosti.<\/li>\n<\/ul>\n\n\n\n<div style=\"height:33px\" aria-hidden=\"true\" class=\"wp-block-spacer\"><\/div>\n\n\n\n<p class=\"has-large-font-size\"><strong>Samostalna prijava uklju\u010duje:<\/strong><\/p>\n\n\n\n<ul class=\"wp-block-list\">\n<li>Primopredaja klju\u010deva (elektroni\u010dki sef za klju\u010deve ili <strong>Brava za vrata \u2013 Preporu\u010deno<\/strong>)<\/li>\n\n\n\n<li>Prijava gostiju u eVisitor putem portala za goste<\/li>\n\n\n\n<li>Obrada depozita putem bankovnog prijenosa<\/li>\n\n\n\n<li>Telefonska kontakt osoba (u smislu doma\u0107ina) koja je uvijek dostupna i mo\u017ee biti uz gosta u vrlo kratkom roku u slu\u010daju problema.<\/li>\n\n\n\n<li>Video s obja\u0161njenjem za samostalnu prijavu<\/li>\n<\/ul>\n\n\n\n<p>Uvodni video za va\u0161 objekt, u kojem \u010dlan osoblja obja\u0161njava cijeli proces, idealan je na\u010din da gostima od samog po\u010detka pru\u017eite osje\u0107aj prisnosti. U videu djelatnik virtualno vodi goste kroz smje\u0161taj i obja\u0161njava sve bitne detalje i funkcije \u2013 od na\u010dina kori\u0161tenja ku\u0107anskih aparata i klima ure\u0111aja do posebnosti poput pristupnih kodova i ku\u0107nog reda.<\/p>\n\n\n\n<p class=\"has-large-font-size\"><strong>Prednosti uvodnog videa:<\/strong><\/p>\n\n\n\n<ul class=\"wp-block-list\">\n<li><strong>U\u0161teda Vremena<\/strong>: Gosti izravno dobivaju sve informacije koje su im potrebne za nesmetan boravak, bez potrebe za dodatnim obja\u0161njenjima na licu mjesta.<\/li>\n\n\n\n<li><strong>Fleksibilnost<\/strong>: Videozapis se mo\u017ee gledati u bilo koje vrijeme i koliko god puta \u017eelite, \u0161to gostima omogu\u0107uje da zapamte informacije vlastitim tempom.<\/li>\n\n\n\n<li><strong>Udobnost i povjerenje<\/strong>: Gosti se osje\u0107aju dobrodo\u0161li i sigurni znaju\u0107i kako sve funkcionira prije dolaska. To doprinosi opu\u0161tenoj blagdanskoj atmosferi.<\/li>\n\n\n\n<li><strong>Prilagodba na vi\u0161e jezika<\/strong>: Video se mo\u017ee pru\u017eiti na razli\u010ditim jezicima kako bi se pove\u0107ala udobnost i razumijevanje me\u0111unarodnih gostiju.<\/li>\n<\/ul>\n\n\n\n<p>Profesionalnim uvodnim videom mo\u017eete svojim gostima olak\u0161ati po\u010detak i stvoriti ugodnu atmosferu kako bi od prve minute maksimalno u\u017eivali u boravku.<\/p>\n\n\n\n<div style=\"height:33px\" aria-hidden=\"true\" class=\"wp-block-spacer\"><\/div>\n\n\n\n<hr class=\"wp-block-separator has-alpha-channel-opacity\"\/>\n\n\n\n<div style=\"height:33px\" aria-hidden=\"true\" class=\"wp-block-spacer\"><\/div>\n\n\n\n<h3 class=\"wp-block-heading\">2. <strong>Osobniji <\/strong>Prijem gostiju<\/h3>\n\n\n\n<p>Nesmetana prijava zahtijeva dobro isplanirano vrijeme, pouzdan tim te pa\u017eljivu organizaciju. Na\u0161 tim, koji je ljubazan, profesionalan, vi\u0161ejezi\u010dan i uvijek uredan, osigurava vrhunsku uslugu. Nakon dugog putovanja, va\u0161i gosti jedva \u010dekaju zapo\u010deti svoj zaslu\u017eeni odmor bez ikakvih komplikacija. Upravo zato, svaki detalj mora biti savr\u0161eno pripremljen i brzo izveden kako bi odmah mogli uroniti u opu\u0161tanje i u\u017eivati u slobodnim danima.<\/p>\n\n\n\n<p class=\"has-large-font-size\"><strong>Prednosti:<\/strong><\/p>\n\n\n\n<ul class=\"wp-block-list\">\n<li><strong>Gostoljubivost i atmosfera<\/strong>: Gosti se osje\u0107aju odmah dobrodo\u0161li i cijenjeni kroz osobni pozdrav. To stvara dobro iskustvo i doprinosi zadovoljstvu.<\/li>\n\n\n\n<li><strong>Upoznavanje sa smje\u0161tajem<\/strong>: Doma\u0107in mo\u017ee objasniti zna\u010dajke smje\u0161taja na licu mjesta i pru\u017eiti savjete kako bi se gosti lak\u0161e sna\u0161li.<\/li>\n\n\n\n<li><strong>Izravna komunikacija<\/strong>: Na pitanja se mo\u017ee odmah odgovoriti i nejasno\u0107e se mogu rije\u0161iti. Problemi koji bi ina\u010de mogli nastati kasnije mogu se sprije\u010diti odmah.<\/li>\n\n\n\n<li><strong>Ja\u010danje lojalnosti kupaca<\/strong>: Osobni prijem nudi priliku za izgradnju odnosa s gostima, \u0161to mo\u017ee dovesti do vi\u0161e pozitivnih recenzija i mogu\u0107ih ponovnih rezervacija.<\/li>\n<\/ul>\n\n\n\n<div style=\"height:33px\" aria-hidden=\"true\" class=\"wp-block-spacer\"><\/div>\n\n\n\n<hr class=\"wp-block-separator has-alpha-channel-opacity\"\/>\n\n\n\n<div style=\"height:33px\" aria-hidden=\"true\" class=\"wp-block-spacer\"><\/div>\n\n\n\n<p class=\"has-text-align-center has-medium-font-size\">Obje opcije prijave imaju svoje prednosti, a odabir jedne od njih \u010desto ovisi o tome kakvu vrstu iskustva doma\u0107in \u017eeli pru\u017eiti i \u0161to je najprikladnije za goste.<\/p>\n\n\n\n<div class=\"wp-block-cover alignfull is-light has-parallax wp-duotone-purple-green\" style=\"margin-top:0;padding-top:4vw;padding-right:4vw;padding-bottom:4vw;padding-left:4vw;min-height:50vh;aspect-ratio:unset;\"><span aria-hidden=\"true\" class=\"wp-block-cover__background has-vivid-green-cyan-background-color has-background-dim-30 has-background-dim\"><\/span><div role=\"img\" aria-label=\"Immobilienbetreuung Krk Sauber\" class=\"wp-block-cover__image-background wp-image-1494 has-parallax\" style=\"background-position:50% 50%;background-image:url(https:\/\/immobilienbetreuung-krk.com\/wp-content\/uploads\/2024\/10\/Pool-Clean.jpg)\"><\/div><div class=\"wp-block-cover__inner-container is-layout-flow wp-block-cover-is-layout-flow\">\n<div class=\"wp-block-group\"><div class=\"wp-block-group__inner-container is-layout-flow wp-block-group-is-layout-flow\">\n<p class=\"has-text-align-center has-text-color\" style=\"color:#ffb23d;font-size:30px;font-style:normal;font-weight:700;letter-spacing:-2px;line-height:0.9;text-transform:uppercase\">ZATRA\u017dITE NEOBVEZUJU\u0106U PONUDU<\/p>\n\n\n\n<div style=\"height:48px\" aria-hidden=\"true\" class=\"wp-block-spacer\"><\/div>\n\n\n\n<div class=\"wp-block-buttons is-content-justification-center is-layout-flex wp-container-core-buttons-is-layout-16018d1d wp-block-buttons-is-layout-flex\">\n<div class=\"wp-block-button has-custom-font-size has-small-font-size\" style=\"font-style:normal;font-weight:700;letter-spacing:1px;text-transform:uppercase\"><a class=\"wp-block-button__link has-text-color has-background wp-element-button\" href=\"https:\/\/immobilienbetreuung-krk.com\/hr\/kontakt\/\" style=\"color:#2c3066;background-color:#ffb23d;padding-top:32px;padding-right:48px;padding-bottom:32px;padding-left:48px\">Kontaktirajte nas<\/a><\/div>\n<\/div>\n<\/div><\/div>\n<\/div><\/div>","protected":false},"excerpt":{"rendered":"<p>1. Self-Check-In Ein Self-Check-In erm\u00f6glicht G\u00e4sten, ohne pers\u00f6nliche Begr\u00fc\u00dfung durch das Gastgeberteam in die Unterkunft einzuchecken. Meistens erfolgt dies durch unser gepr\u00fcftes digitales Zugangssystem. Vorteile: Der Self Check-In beinhaltet: Ein Einf\u00fchrungsvideo f\u00fcr Ihre Unterkunft, in dem ein Mitarbeiter den gesamten [&hellip;]<\/p>","protected":false},"author":2,"featured_media":1843,"parent":0,"menu_order":0,"comment_status":"closed","ping_status":"closed","template":"","meta":{"footnotes":""},"class_list":["post-338","page","type-page","status-publish","has-post-thumbnail","hentry"],"_links":{"self":[{"href":"https:\/\/immobilienbetreuung-krk.com\/hr\/wp-json\/wp\/v2\/pages\/338","targetHints":{"allow":["GET"]}}],"collection":[{"href":"https:\/\/immobilienbetreuung-krk.com\/hr\/wp-json\/wp\/v2\/pages"}],"about":[{"href":"https:\/\/immobilienbetreuung-krk.com\/hr\/wp-json\/wp\/v2\/types\/page"}],"author":[{"embeddable":true,"href":"https:\/\/immobilienbetreuung-krk.com\/hr\/wp-json\/wp\/v2\/users\/2"}],"replies":[{"embeddable":true,"href":"https:\/\/immobilienbetreuung-krk.com\/hr\/wp-json\/wp\/v2\/comments?post=338"}],"version-history":[{"count":40,"href":"https:\/\/immobilienbetreuung-krk.com\/hr\/wp-json\/wp\/v2\/pages\/338\/revisions"}],"predecessor-version":[{"id":2171,"href":"https:\/\/immobilienbetreuung-krk.com\/hr\/wp-json\/wp\/v2\/pages\/338\/revisions\/2171"}],"wp:featuredmedia":[{"embeddable":true,"href":"https:\/\/immobilienbetreuung-krk.com\/hr\/wp-json\/wp\/v2\/media\/1843"}],"wp:attachment":[{"href":"https:\/\/immobilienbetreuung-krk.com\/hr\/wp-json\/wp\/v2\/media?parent=338"}],"curies":[{"name":"wp","href":"https:\/\/api.w.org\/{rel}","templated":true}]}}