{"id":776,"date":"2021-11-13T21:00:38","date_gmt":"2021-11-13T20:00:38","guid":{"rendered":"https:\/\/immobilienbetreuung-krk.com\/?page_id=776"},"modified":"2026-03-29T13:37:01","modified_gmt":"2026-03-29T11:37:01","slug":"immobilien-vermietung","status":"publish","type":"page","link":"https:\/\/immobilienbetreuung-krk.com\/hr\/immobilien-vermietung\/","title":{"rendered":"Iznajmljivanje nekretnina"},"content":{"rendered":"<div class=\"wp-block-group alignfull has-white-background-color has-background\" style=\"padding-top:6vw;padding-right:6vw;padding-bottom:6vw;padding-left:6vw\"><div class=\"wp-block-group__inner-container is-layout-flow wp-block-group-is-layout-flow\">\n<div class=\"wp-block-group is-vertical is-nowrap is-layout-flex wp-container-core-group-is-layout-287ef9cb wp-block-group-is-layout-flex\" style=\"padding-right:0;padding-left:0\">\n<p class=\"has-text-color\" style=\"color:#fcb900c9;font-size:6vw;font-style:normal;font-weight:700;letter-spacing:0px;line-height:0.9;text-decoration:none;text-transform:none\">ODMOR KOJI SI PRIU\u0160TAVA\u0160.<\/p>\n\n\n\n<h6 class=\"wp-block-heading has-text-color\" id=\"ecosystem\" style=\"color:#000000;font-size:16px\">Uronite u svijet bezbri\u017enosti i gostoljubivosti uz na\u0161 vrhunski servis za organizaciju rezervacija va\u0161ih gostiju na o\u010daravaju\u0107em otoku Krku u Hrvatskoj. Kod nas je va\u0161e ulaganje u nekretnine u sredi\u0161tu pa\u017enje, a mi se s predano\u0161\u0107u i profesionalno\u0161\u0107u brinemo o svakom aspektu najma.<\/h6>\n<\/div>\n\n\n\n<div style=\"height:1vw\" aria-hidden=\"true\" class=\"wp-block-spacer\"><\/div>\n\n\n\n<div class=\"wp-block-group alignwide is-vertical is-nowrap is-layout-flex wp-container-core-group-is-layout-8171334d wp-block-group-is-layout-flex\" style=\"padding-top:0;padding-right:0;padding-bottom:0;padding-left:0\"><\/div>\n<\/div><\/div>\n\n\n\n<div class=\"wp-block-media-text alignwide is-stacked-on-mobile is-vertically-aligned-center has-background\" style=\"background-color:#fcb900a8\"><figure class=\"wp-block-media-text__media\"><a href=\"https:\/\/www.immobilien-krk.eu\/objects\/list\" target=\"_blank\" rel=\" noreferrer noopener\"><img fetchpriority=\"high\" decoding=\"async\" width=\"1024\" height=\"683\" src=\"https:\/\/immobilienbetreuung-krk.com\/wp-content\/uploads\/2024\/10\/Entspannen-1024x683.jpg\" alt=\"\" class=\"wp-image-1557 size-full\"\/><\/a><\/figure><div class=\"wp-block-media-text__content\">\n<div class=\"wp-block-group\" style=\"padding-top:2em;padding-right:2em;padding-bottom:2em;padding-left:2em\"><div class=\"wp-block-group__inner-container is-layout-flow wp-block-group-is-layout-flow\">\n<p class=\"has-extra-small-font-size\">Mi smo tvrtka njema\u010dkog govornog podru\u010dja na&nbsp;<a href=\"https:\/\/krk-info.eu\/rund-um-die-insel-krk\/\" target=\"_blank\" rel=\"noopener\">Otoku Krku<\/a>&nbsp;koja se bavi iznajmljivanjem, \u010di\u0161\u0107enjem i \u010duvanjem luksuznih nekretnina od 2020. godine. Sve nekretnine kojima upravljamo i koje nudimo za iznajmljivanje na ovoj web stranici su nekretnine njema\u010dkih ili austrijskih vlasnika.<\/p>\n\n\n\n<div style=\"height:40px\" aria-hidden=\"true\" class=\"wp-block-spacer\"><\/div>\n\n\n\n<div class=\"wp-block-buttons is-layout-flex wp-block-buttons-is-layout-flex\">\n<div class=\"wp-block-button is-style-fill\"><a class=\"wp-block-button__link wp-element-button\" href=\"https:\/\/www.immobilien-krk.eu\" target=\"_blank\" rel=\"noreferrer noopener\">Na Web Stranicu<\/a><\/div>\n<\/div>\n<\/div><\/div>\n<\/div><\/div>\n\n\n\n<div class=\"wp-block-media-text alignwide has-media-on-the-right is-stacked-on-mobile is-vertically-aligned-center has-background\" style=\"background-color:#c0f1ff\"><div class=\"wp-block-media-text__content\">\n<div class=\"wp-block-group\" style=\"padding-top:2em;padding-right:2em;padding-bottom:2em;padding-left:2em\"><div class=\"wp-block-group__inner-container is-layout-flow wp-block-group-is-layout-flow\">\n<p style=\"font-size:36px;line-height:1.2\"><strong><a href=\"http:\/\/www.Krk-info.eu\" target=\"_blank\" rel=\"noreferrer noopener\">NJEMA\u010cKA INFO STRANICA KRK<\/a><\/strong><\/p>\n\n\n\n<p class=\"has-extra-small-font-size\">Mi smo va\u0161i osobni suputnici, specijalizirani za stvaranje nezaboravnih iskustava za vas. S dubokim lokalnim poznavanjem i stra\u0161\u0107u prema gostoprimstvu, planiramo putovanja po mjeri koja pretvaraju va\u0161e snove u stvarnost. Otkrijte s nama skrivena blaga, slikovite pla\u017ee i fascinantnu kulturu ovog jedinstvenog otoka. Kreirajmo zajedno va\u0161e sljede\u0107e nezaboravno putovanje.<\/p>\n\n\n\n<div style=\"height:40px\" aria-hidden=\"true\" class=\"wp-block-spacer\"><\/div>\n\n\n\n<div class=\"wp-block-buttons is-layout-flex wp-block-buttons-is-layout-flex\">\n<div class=\"wp-block-button\"><a class=\"wp-block-button__link wp-element-button\" href=\"https:\/\/krk-info.eu\" target=\"_blank\" rel=\"noreferrer noopener\">Na Web Stranicu<\/a><\/div>\n<\/div>\n<\/div><\/div>\n<\/div><figure class=\"wp-block-media-text__media\"><a href=\"https:\/\/krk-info.eu\" target=\"_blank\" rel=\" noreferrer noopener\"><img decoding=\"async\" width=\"1024\" height=\"562\" src=\"https:\/\/immobilienbetreuung-krk.com\/wp-content\/uploads\/2024\/12\/Baska-Beach-1024x562.jpg\" alt=\"Insel Krk in Kroatien der Baska Strand\" class=\"wp-image-2168 size-full\"\/><\/a><\/figure><\/div>\n\n\n\n<div class=\"wp-block-group alignfull has-white-background-color has-background\" style=\"padding-top:6vw;padding-right:6vw;padding-bottom:6vw;padding-left:6vw\"><div class=\"wp-block-group__inner-container is-layout-flow wp-block-group-is-layout-flow\">\n<div class=\"wp-block-group is-vertical is-nowrap is-layout-flex wp-container-core-group-is-layout-287ef9cb wp-block-group-is-layout-flex\" style=\"padding-right:0;padding-left:0\">\n<p class=\"has-text-color\" style=\"color:#fcb900c9;font-size:6vw;font-style:normal;font-weight:700;letter-spacing:0px;line-height:0.9;text-decoration:none;text-transform:none\">Na\u0161a sveobuhvatna usluga za vas:<\/p>\n\n\n\n<h6 class=\"wp-block-heading has-text-color\" id=\"ecosystem\" style=\"color:#000000;font-size:16px\"><br><br><strong>1. Prisutnost na mre\u017ei:<\/strong><\/h6>\n\n\n\n<p>Va\u0161u nekretninu postavljamo na vode\u0107e portale za rezervacije kao \u0161to su Booking.com ili Airbnb. Ne samo da se brinemo za postavljanje platforme, ve\u0107 se brinemo i za profesionalno fotografiranje kako bi va\u0161a nekretnina bila savr\u0161eno prezentirana.&nbsp;<\/p>\n\n\n\n<p><strong>2. Tekstovi i rezervacije:<\/strong><\/p>\n\n\n\n<p>Na\u0161 iskusni tim kreira profesionalne tekstove na vi\u0161e jezika kako bi Va\u0161u nekretninu predstavili na najbolji mogu\u0107i na\u010din. Obra\u0111ujemo sve rezervacije od A do \u017d za vas i na raspolaganju smo va\u0161im gostima svakim danom od 10:00 do 18:00 sati (u sezoni od 10:00 do 22:00 sata).<\/p>\n\n\n\n<p><strong>3. Financije i marketing:<\/strong><\/p>\n\n\n\n<p>Financijska obrada se provodi izravno od strane pru\u017eatelja usluga u redovitim intervalima. Tako\u0111er se brinemo o marketingu va\u0161e nekretnine na platformama kao \u0161to su Facebook, Instagram i Google. Izra\u0111ujemo profile va\u0161ih nekretnina na bilo kojem portalu po \u017eelji i redovito korigiramo cijene u dogovoru s vama kako bismo osigurali maksimalnu popunjenost.<\/p>\n\n\n\n<p><strong>4. Turisti\u010dka uprava i odnosi s gostima:<\/strong><\/p>\n\n\n\n<p>Svakog va\u0161eg gosta prijavljujemo turisti\u010dkoj upravi putem eVisitora.&nbsp;<\/p>\n\n\n\n<p><strong>5. Channel Manager i dvostruka za\u0161tita rezervacije:<\/strong><\/p>\n\n\n\n<p>S na\u0161im upraviteljem kanala bilje\u017eimo i planiramo podatke o \u010di\u0161\u0107enju va\u0161eg posjeda. Dvostruke rezervacije i propusti su nemogu\u0107i jer sve te\u010de besprijekorno iz jednog izvora.<\/p>\n\n\n\n<p><strong>6. Individualni booking portal za goste:<\/strong><\/p>\n\n\n\n<p>Va\u0161i \u0107e gosti dobiti slu\u017ebenu potvrdu rezervacije i poveznicu na personalizirani portal za rezervacije. Tamo \u0107ete prona\u0107i sve relevantne informacije o smje\u0161taju, od lokacije preko sigurnosnog klju\u010da do cijena, ra\u010duna, kontakt podataka i jo\u0161 mnogo toga.<\/p>\n\n\n\n<p>Otkrijte slobodu bezbri\u017enog najma s na\u0161om turisti\u010dkom agencijom na otoku Krku. Kontaktirajte nas i rado \u0107emo vam pokazati kako va\u0161u investiciju u nekretninu mo\u017eemo pretvoriti u uspje\u0161nu pri\u010du!<\/p>\n<\/div>\n<\/div><\/div>\n\n\n\n<div class=\"wp-block-cover alignfull is-light has-parallax\" style=\"margin-top:0;padding-top:4vw;padding-right:4vw;padding-bottom:4vw;padding-left:4vw;min-height:50vh;aspect-ratio:unset;\"><div role=\"img\" aria-label=\"Immobilienbetreuung Krk Sauber\" class=\"wp-block-cover__image-background wp-image-1494 has-parallax\" style=\"background-position:50% 50%;background-image:url(https:\/\/immobilienbetreuung-krk.com\/wp-content\/uploads\/2024\/10\/Pool-Clean.jpg)\"><\/div><span aria-hidden=\"true\" class=\"wp-block-cover__background has-background-dim-0 has-background-dim\"><\/span><div class=\"wp-block-cover__inner-container is-layout-flow wp-block-cover-is-layout-flow\">\n<div class=\"wp-block-group\"><div class=\"wp-block-group__inner-container is-layout-flow wp-block-group-is-layout-flow\">\n<p class=\"has-text-align-center has-black-color has-luminous-vivid-amber-background-color has-text-color has-background\" style=\"font-size:20px;font-style:normal;font-weight:700;line-height:0.9;text-transform:uppercase\">ZATRA\u017dITE NEOBVEZUJU\u0106U PONUDU<\/p>\n\n\n\n<div style=\"height:48px\" aria-hidden=\"true\" class=\"wp-block-spacer\"><\/div>\n\n\n\n<div class=\"wp-block-buttons is-content-justification-center is-layout-flex wp-container-core-buttons-is-layout-16018d1d wp-block-buttons-is-layout-flex\">\n<div class=\"wp-block-button is-style-outline is-style-outline--1\"><a class=\"wp-block-button__link has-black-color has-text-color has-custom-font-size wp-element-button\" href=\"https:\/\/immobilienbetreuung-krk.com\/hr\/kontakt\/\" style=\"padding-top:32px;padding-right:48px;padding-bottom:32px;padding-left:48px;font-size:20px;font-style:normal;font-weight:700;letter-spacing:1px;text-transform:uppercase\">Kontaktirajte nas<\/a><\/div>\n<\/div>\n<\/div><\/div>\n<\/div><\/div>","protected":false},"excerpt":{"rendered":"<p>URLAUB DEN MAN SICH G\u00d6NNT. Tauchen Sie ein in die Welt der Sorglosigkeit und Gastfreundschaft mit unserer erstklassigen Reise Vermittlungsagentur auf der bezaubernden Insel Krk in Kroatien. Bei uns steht Ihr Immobilieninvestment im Mittelpunkt, und wir k\u00fcmmern uns mit Hingabe [&hellip;]<\/p>","protected":false},"author":2,"featured_media":1557,"parent":0,"menu_order":0,"comment_status":"closed","ping_status":"closed","template":"elementor_header_footer","meta":{"footnotes":""},"class_list":["post-776","page","type-page","status-publish","has-post-thumbnail","hentry"],"_links":{"self":[{"href":"https:\/\/immobilienbetreuung-krk.com\/hr\/wp-json\/wp\/v2\/pages\/776","targetHints":{"allow":["GET"]}}],"collection":[{"href":"https:\/\/immobilienbetreuung-krk.com\/hr\/wp-json\/wp\/v2\/pages"}],"about":[{"href":"https:\/\/immobilienbetreuung-krk.com\/hr\/wp-json\/wp\/v2\/types\/page"}],"author":[{"embeddable":true,"href":"https:\/\/immobilienbetreuung-krk.com\/hr\/wp-json\/wp\/v2\/users\/2"}],"replies":[{"embeddable":true,"href":"https:\/\/immobilienbetreuung-krk.com\/hr\/wp-json\/wp\/v2\/comments?post=776"}],"version-history":[{"count":172,"href":"https:\/\/immobilienbetreuung-krk.com\/hr\/wp-json\/wp\/v2\/pages\/776\/revisions"}],"predecessor-version":[{"id":2357,"href":"https:\/\/immobilienbetreuung-krk.com\/hr\/wp-json\/wp\/v2\/pages\/776\/revisions\/2357"}],"wp:featuredmedia":[{"embeddable":true,"href":"https:\/\/immobilienbetreuung-krk.com\/hr\/wp-json\/wp\/v2\/media\/1557"}],"wp:attachment":[{"href":"https:\/\/immobilienbetreuung-krk.com\/hr\/wp-json\/wp\/v2\/media?parent=776"}],"curies":[{"name":"wp","href":"https:\/\/api.w.org\/{rel}","templated":true}]}}